{"id":2719,"date":"2025-10-17T12:25:09","date_gmt":"2025-10-17T10:25:09","guid":{"rendered":"https:\/\/dutyfree.com.tn\/diplomate\/produit\/alien-edp-30ml\/"},"modified":"2025-10-22T12:55:43","modified_gmt":"2025-10-22T10:55:43","slug":"alien-edp-30ml","status":"publish","type":"product","link":"https:\/\/dutyfree.com.tn\/diplomate\/produit\/alien-edp-30ml\/","title":{"rendered":"ALIEN EDP 30ML"},"content":{"rendered":"<p>Alien, un choc, une \u00e9motion. Un parfum lumineux, vibrant et myst\u00e9rieux&#8230; Une fragrance ambr\u00e9e bois\u00e9e qui n\u00e9e de l&#8217;impertinente d\u00e9mesure de deux notes puissantes, l&#8217;ambre et le bois, illumin\u00e9es par le jasmin sambac. Le flacon d&#8217;Alien est tel une pierre pr\u00e9cieuse facett\u00e9e comme un bijou. Sa couleur am\u00e9thyste profonde est symbole de m\u00e9ditation et de s\u00e9r\u00e9nit\u00e9. Famille olfactive : Floral Bois\u00e9 Ambr\u00e9<\/p>\n","protected":false},"excerpt":{"rendered":"<p>Alien, un choc, une \u00e9motion. Un parfum lumineux, vibrant et myst\u00e9rieux&#8230; <\/p>\n","protected":false},"featured_media":2865,"template":"","meta":{"_themeisle_gutenberg_block_has_review":false},"product_cat":[171,154,162],"product_tag":[],"_links":{"self":[{"href":"https:\/\/dutyfree.com.tn\/diplomate\/wp-json\/wp\/v2\/product\/2719"}],"collection":[{"href":"https:\/\/dutyfree.com.tn\/diplomate\/wp-json\/wp\/v2\/product"}],"about":[{"href":"https:\/\/dutyfree.com.tn\/diplomate\/wp-json\/wp\/v2\/types\/product"}],"wp:featuredmedia":[{"embeddable":true,"href":"https:\/\/dutyfree.com.tn\/diplomate\/wp-json\/wp\/v2\/media\/2865"}],"wp:attachment":[{"href":"https:\/\/dutyfree.com.tn\/diplomate\/wp-json\/wp\/v2\/media?parent=2719"}],"wp:term":[{"taxonomy":"product_cat","embeddable":true,"href":"https:\/\/dutyfree.com.tn\/diplomate\/wp-json\/wp\/v2\/product_cat?post=2719"},{"taxonomy":"product_tag","embeddable":true,"href":"https:\/\/dutyfree.com.tn\/diplomate\/wp-json\/wp\/v2\/product_tag?post=2719"}],"curies":[{"name":"wp","href":"https:\/\/api.w.org\/{rel}","templated":true}]}}