{"id":2720,"date":"2025-10-17T12:25:09","date_gmt":"2025-10-17T10:25:09","guid":{"rendered":"https:\/\/dutyfree.com.tn\/diplomate\/produit\/si-intense-edp-100ml\/"},"modified":"2025-10-22T12:52:28","modified_gmt":"2025-10-22T10:52:28","slug":"si-intense-edp-100ml","status":"publish","type":"product","link":"https:\/\/dutyfree.com.tn\/diplomate\/produit\/si-intense-edp-100ml\/","title":{"rendered":"SI INTENSE EDP 100ML"},"content":{"rendered":"<p>Quel est le mot le plus puissant ? Dire S\u00ec c\u2019est faire un choix. Le choix de s\u2019ouvrir aux infinies possibilit\u00e9s de la vie. Que vous disiez S\u00ec \u00e0 la passion, \u00e0 la libert\u00e9, \u00e0 l&#8217;amour ou \u00e0 vous-m\u00eame, ce simple mot encapsule le potentiel de la vie. S\u00ec apr\u00e8s S\u00ec, vous allez de l&#8217;avant et embrassez toutes les facettes de votre personnalit\u00e9. Giorgio Armani invite les femmes \u00e0 ressentir la puissance de dire S\u00ec avec S\u00ec Eau de Parfum Intense : une fragrance chypr\u00e9e ambr\u00e9e encapsul\u00e9e dans un flacon bijou rechargeable. La signature enveloppante du nectar de cassis, d&#8217;origine naturelle, se m\u00eale \u00e0 la symphonie f\u00e9minine de l&#8217;absolu de rose damascena et de l\u2019huile essentielle velout\u00e9e de davana. L\u2019ensemble est sublim\u00e9 par le sillage sensuel de l&#8217;infusion de vanille bourbon de Madagascar, issue d&#8217;un programme durable de soutien aux communaut\u00e9s locales, et d\u2019un soup\u00e7on de th\u00e9 noir aromatique.<\/p>\n","protected":false},"excerpt":{"rendered":"<p>Quel est le mot le plus puissant ? Dire S\u00ec c\u2019est faire un choix. Le choix de s\u2019ouvrir aux infinies possibilit\u00e9s de la vie&#8230;<\/p>\n","protected":false},"featured_media":2856,"template":"","meta":{"_themeisle_gutenberg_block_has_review":false},"product_cat":[171,154,162],"product_tag":[],"_links":{"self":[{"href":"https:\/\/dutyfree.com.tn\/diplomate\/wp-json\/wp\/v2\/product\/2720"}],"collection":[{"href":"https:\/\/dutyfree.com.tn\/diplomate\/wp-json\/wp\/v2\/product"}],"about":[{"href":"https:\/\/dutyfree.com.tn\/diplomate\/wp-json\/wp\/v2\/types\/product"}],"wp:featuredmedia":[{"embeddable":true,"href":"https:\/\/dutyfree.com.tn\/diplomate\/wp-json\/wp\/v2\/media\/2856"}],"wp:attachment":[{"href":"https:\/\/dutyfree.com.tn\/diplomate\/wp-json\/wp\/v2\/media?parent=2720"}],"wp:term":[{"taxonomy":"product_cat","embeddable":true,"href":"https:\/\/dutyfree.com.tn\/diplomate\/wp-json\/wp\/v2\/product_cat?post=2720"},{"taxonomy":"product_tag","embeddable":true,"href":"https:\/\/dutyfree.com.tn\/diplomate\/wp-json\/wp\/v2\/product_tag?post=2720"}],"curies":[{"name":"wp","href":"https:\/\/api.w.org\/{rel}","templated":true}]}}