{"id":2723,"date":"2025-10-17T12:25:12","date_gmt":"2025-10-17T10:25:12","guid":{"rendered":"https:\/\/dutyfree.com.tn\/diplomate\/produit\/azzaro-wanted-girl-edp-50ml\/"},"modified":"2025-10-22T13:07:04","modified_gmt":"2025-10-22T11:07:04","slug":"azzaro-wanted-girl-edp-50ml","status":"publish","type":"product","link":"https:\/\/dutyfree.com.tn\/diplomate\/produit\/azzaro-wanted-girl-edp-50ml\/","title":{"rendered":"AZZARO WANTED GIRL EDP 50ML"},"content":{"rendered":"<p>Entre h\u00e9ritage et modernit\u00e9, la Maison Azzaro imagine une Eau de Parfum \u00e9tincelante comme une ode \u00e0 cette beaut\u00e9 indomptable teint\u00e9e de panache et d\u00e9bordant de charme. Une dose ultime de f\u00e9minit\u00e9 \u00e9clatante, gorg\u00e9e de soleil et pr\u00f4nant la bella vita : Wanted Girl. Dans un flacon qui capture l&#8217;\u00e9panouissement d&#8217;une fleur dans toute sa sensualit\u00e9, il suffit d&#8217;appuyer sur la d\u00e9tente pour d\u00e9clancher une explosion florale<\/p>\n","protected":false},"excerpt":{"rendered":"<p>Entre h\u00e9ritage et modernit\u00e9, la Maison Azzaro imagine une Eau de Parfum \u00e9tincelante comme une ode \u00e0 cette beaut\u00e9 indomptable teint\u00e9e de panache et d\u00e9bordant de charme&#8230;<\/p>\n","protected":false},"featured_media":2870,"template":"","meta":{"_themeisle_gutenberg_block_has_review":false},"product_cat":[171,154,162],"product_tag":[],"_links":{"self":[{"href":"https:\/\/dutyfree.com.tn\/diplomate\/wp-json\/wp\/v2\/product\/2723"}],"collection":[{"href":"https:\/\/dutyfree.com.tn\/diplomate\/wp-json\/wp\/v2\/product"}],"about":[{"href":"https:\/\/dutyfree.com.tn\/diplomate\/wp-json\/wp\/v2\/types\/product"}],"wp:featuredmedia":[{"embeddable":true,"href":"https:\/\/dutyfree.com.tn\/diplomate\/wp-json\/wp\/v2\/media\/2870"}],"wp:attachment":[{"href":"https:\/\/dutyfree.com.tn\/diplomate\/wp-json\/wp\/v2\/media?parent=2723"}],"wp:term":[{"taxonomy":"product_cat","embeddable":true,"href":"https:\/\/dutyfree.com.tn\/diplomate\/wp-json\/wp\/v2\/product_cat?post=2723"},{"taxonomy":"product_tag","embeddable":true,"href":"https:\/\/dutyfree.com.tn\/diplomate\/wp-json\/wp\/v2\/product_tag?post=2723"}],"curies":[{"name":"wp","href":"https:\/\/api.w.org\/{rel}","templated":true}]}}