{"id":2724,"date":"2025-10-17T12:25:13","date_gmt":"2025-10-17T10:25:13","guid":{"rendered":"https:\/\/dutyfree.com.tn\/diplomate\/produit\/azzaro-wanted-girl-edp-80ml\/"},"modified":"2025-12-09T11:24:32","modified_gmt":"2025-12-09T10:24:32","slug":"azzaro-wanted-girl-edp-80ml","status":"publish","type":"product","link":"https:\/\/dutyfree.com.tn\/diplomate\/produit\/azzaro-wanted-girl-edp-80ml\/","title":{"rendered":"AZZARO WANTED GIRL EDP 80ML"},"content":{"rendered":"<p>Wanted Girl. Dans un flacon qui capture l&#8217;\u00e9panouissement d&#8217;une fleur dans toute sa sensualit\u00e9, il suffit d&#8217;appuyer sur la d\u00e9tente pour d\u00e9clancher une explosion florale.<br \/>\nNotes de T\u00eate : Fleur de Gimgembre Notes de c\u0153ur : Dulce de Leche Notes de fond : V\u00e9tiver<\/p>\n","protected":false},"excerpt":{"rendered":"<p>Wanted Girl. Dans un flacon qui capture l&#8217;\u00e9panouissement d&#8217;une fleur dans toute sa sensualit\u00e9, il suffit d&#8217;appuyer sur la d\u00e9tente pour d\u00e9clancher une explosion florale.<br \/>\nNotes de T\u00eate : Fleur de Gimgembre Notes de c\u0153ur : Dulce de Leche Notes de fond : V\u00e9tiver<\/p>\n","protected":false},"featured_media":2870,"template":"","meta":{"_themeisle_gutenberg_block_has_review":false},"product_cat":[171,154,162],"product_tag":[],"_links":{"self":[{"href":"https:\/\/dutyfree.com.tn\/diplomate\/wp-json\/wp\/v2\/product\/2724"}],"collection":[{"href":"https:\/\/dutyfree.com.tn\/diplomate\/wp-json\/wp\/v2\/product"}],"about":[{"href":"https:\/\/dutyfree.com.tn\/diplomate\/wp-json\/wp\/v2\/types\/product"}],"wp:featuredmedia":[{"embeddable":true,"href":"https:\/\/dutyfree.com.tn\/diplomate\/wp-json\/wp\/v2\/media\/2870"}],"wp:attachment":[{"href":"https:\/\/dutyfree.com.tn\/diplomate\/wp-json\/wp\/v2\/media?parent=2724"}],"wp:term":[{"taxonomy":"product_cat","embeddable":true,"href":"https:\/\/dutyfree.com.tn\/diplomate\/wp-json\/wp\/v2\/product_cat?post=2724"},{"taxonomy":"product_tag","embeddable":true,"href":"https:\/\/dutyfree.com.tn\/diplomate\/wp-json\/wp\/v2\/product_tag?post=2724"}],"curies":[{"name":"wp","href":"https:\/\/api.w.org\/{rel}","templated":true}]}}