{"id":2725,"date":"2025-10-17T12:25:13","date_gmt":"2025-10-17T10:25:13","guid":{"rendered":"https:\/\/dutyfree.com.tn\/diplomate\/produit\/la-vie-est-belle-edp-100ml\/"},"modified":"2025-10-22T13:21:29","modified_gmt":"2025-10-22T11:21:29","slug":"la-vie-est-belle-edp-100ml","status":"publish","type":"product","link":"https:\/\/dutyfree.com.tn\/diplomate\/produit\/la-vie-est-belle-edp-100ml\/","title":{"rendered":"LA VIE EST BELLE EDP 100ML"},"content":{"rendered":"<p>Une d\u00e9claration olfactive unique, cr\u00e9\u00e9e par trois des plus grands parfumeurs fran\u00e7ais. Un parfum d\u00e9licat et f\u00e9minin m\u00ealant des notes sucr\u00e9es d&#8217;iris de Florence, de jasmin d&#8217;Arabie, de fleur d&#8217;oranger et d&#8217;essence de patchouli, \u00e0 la r\u00e9gression d\u00e9licieuse d\u2019un accord gourmand. Le flacon unique de La vie est belle symbolise la quintessence du bonheur : la gr\u00e2ce d&#8217;un sourire comme inscrit dans le cristal.<\/p>\n","protected":false},"excerpt":{"rendered":"<p>Une d\u00e9claration olfactive unique, cr\u00e9\u00e9e par trois des plus grands parfumeurs fran\u00e7ais. Un parfum d\u00e9licat et f\u00e9minin m\u00ealant des notes sucr\u00e9es d&#8217;iris de Florence, de jasmin d&#8217;Arabie, de fleur d&#8217;oranger et d&#8217;essence de patchouli&#8230;<\/p>\n","protected":false},"featured_media":2872,"template":"","meta":{"_themeisle_gutenberg_block_has_review":false},"product_cat":[171,154,162],"product_tag":[],"_links":{"self":[{"href":"https:\/\/dutyfree.com.tn\/diplomate\/wp-json\/wp\/v2\/product\/2725"}],"collection":[{"href":"https:\/\/dutyfree.com.tn\/diplomate\/wp-json\/wp\/v2\/product"}],"about":[{"href":"https:\/\/dutyfree.com.tn\/diplomate\/wp-json\/wp\/v2\/types\/product"}],"wp:featuredmedia":[{"embeddable":true,"href":"https:\/\/dutyfree.com.tn\/diplomate\/wp-json\/wp\/v2\/media\/2872"}],"wp:attachment":[{"href":"https:\/\/dutyfree.com.tn\/diplomate\/wp-json\/wp\/v2\/media?parent=2725"}],"wp:term":[{"taxonomy":"product_cat","embeddable":true,"href":"https:\/\/dutyfree.com.tn\/diplomate\/wp-json\/wp\/v2\/product_cat?post=2725"},{"taxonomy":"product_tag","embeddable":true,"href":"https:\/\/dutyfree.com.tn\/diplomate\/wp-json\/wp\/v2\/product_tag?post=2725"}],"curies":[{"name":"wp","href":"https:\/\/api.w.org\/{rel}","templated":true}]}}