{"id":2726,"date":"2025-10-17T12:25:14","date_gmt":"2025-10-17T10:25:14","guid":{"rendered":"https:\/\/dutyfree.com.tn\/diplomate\/produit\/la-vie-est-belle-en-rose-edt50\/"},"modified":"2025-12-09T11:30:35","modified_gmt":"2025-12-09T10:30:35","slug":"la-vie-est-belle-en-rose-edt50","status":"publish","type":"product","link":"https:\/\/dutyfree.com.tn\/diplomate\/produit\/la-vie-est-belle-en-rose-edt50\/","title":{"rendered":"LA VIE EST BELLE EN ROSE EDT 50"},"content":{"rendered":"<p>Une ode \u00e0 la joie de vivre et \u00e0 la douceur f\u00e9minine, ce parfum illumine votre journ\u00e9e avec sa fra\u00eecheur d\u00e9licate et son charme p\u00e9tillant. L\u00e9ger et \u00e9l\u00e9gant, il invite \u00e0 c\u00e9l\u00e9brer chaque instant avec optimisme et gr\u00e2ce. Connu comme \u00ab Le sourire de Cristal \u00bb La vie est belle est une ode au bonheur. L&#8217;iconique La Vie est Belle se r\u00e9invente en un bouquet g\u00e9n\u00e9reux \u00e0 la signature florale fra\u00eeche et lumineuse au c\u0153ur de pivoine et de rose. La Vie est Belle en Rose invite les femmes \u00e0 voir la vie sous un nouvel angle. Comme un filtre d\u2019optimisme \u00e0 cultiver au quotidien, cette fragrance est un appel \u00e0 la l\u00e9g\u00e8ret\u00e9 pour rayonner de bonheur et voir la vie en rose.<\/p>\n","protected":false},"excerpt":{"rendered":"<p>Une ode \u00e0 la joie de vivre et \u00e0 la douceur f\u00e9minine, ce parfum illumine votre journ\u00e9e avec sa fra\u00eecheur d\u00e9licate et son charme p\u00e9tillant&#8230;<\/p>\n","protected":false},"featured_media":2854,"template":"","meta":{"_themeisle_gutenberg_block_has_review":false},"product_cat":[171,154,162],"product_tag":[],"_links":{"self":[{"href":"https:\/\/dutyfree.com.tn\/diplomate\/wp-json\/wp\/v2\/product\/2726"}],"collection":[{"href":"https:\/\/dutyfree.com.tn\/diplomate\/wp-json\/wp\/v2\/product"}],"about":[{"href":"https:\/\/dutyfree.com.tn\/diplomate\/wp-json\/wp\/v2\/types\/product"}],"wp:featuredmedia":[{"embeddable":true,"href":"https:\/\/dutyfree.com.tn\/diplomate\/wp-json\/wp\/v2\/media\/2854"}],"wp:attachment":[{"href":"https:\/\/dutyfree.com.tn\/diplomate\/wp-json\/wp\/v2\/media?parent=2726"}],"wp:term":[{"taxonomy":"product_cat","embeddable":true,"href":"https:\/\/dutyfree.com.tn\/diplomate\/wp-json\/wp\/v2\/product_cat?post=2726"},{"taxonomy":"product_tag","embeddable":true,"href":"https:\/\/dutyfree.com.tn\/diplomate\/wp-json\/wp\/v2\/product_tag?post=2726"}],"curies":[{"name":"wp","href":"https:\/\/api.w.org\/{rel}","templated":true}]}}