{"id":2729,"date":"2025-10-17T12:25:16","date_gmt":"2025-10-17T10:25:16","guid":{"rendered":"https:\/\/dutyfree.com.tn\/diplomate\/produit\/si-passione-edp-100ml\/"},"modified":"2025-10-22T12:20:48","modified_gmt":"2025-10-22T10:20:48","slug":"si-passione-edp-100ml","status":"publish","type":"product","link":"https:\/\/dutyfree.com.tn\/diplomate\/produit\/si-passione-edp-100ml\/","title":{"rendered":"SI PASSIONE EDP 100ML"},"content":{"rendered":"<p>D\u00e9couvrez S\u00ec Passione, une autre incarnation de la fragrance embl\u00e9matique S\u00ec. Si \u00e0 une nouvelle \u00e9motion. Si \u00e0 une nouvelle f\u00e9minit\u00e9. Si \u00e0 une nouvelle passion.<br \/>\nCette eau de parfum florale fruit\u00e9e associe en note de t\u00eate le nectar de cassis, ingr\u00e9dient signature de S\u00ec, \u00e0 une poire p\u00e9tillante.<br \/>\nEn coeur, la rose se m\u00eale \u00e0 un tr\u00e8s bel absolu de jasmin pour apporter une dimension sensuelle.<br \/>\nEn fond le bois de c\u00e8dre signe la composition d&#8217;une \u00e9motion empreinte d&#8217;audace.<\/p>\n","protected":false},"excerpt":{"rendered":"<p>D\u00e9couvrez S\u00ec Passione, une autre incarnation de la fragrance embl\u00e9matique S\u00ec. Si \u00e0 une nouvelle \u00e9motion. Si \u00e0 une nouvelle f\u00e9minit\u00e9. Si \u00e0 une nouvelle passion.<\/p>\n","protected":false},"featured_media":2858,"template":"","meta":{"_themeisle_gutenberg_block_has_review":false},"product_cat":[171,154,162],"product_tag":[],"_links":{"self":[{"href":"https:\/\/dutyfree.com.tn\/diplomate\/wp-json\/wp\/v2\/product\/2729"}],"collection":[{"href":"https:\/\/dutyfree.com.tn\/diplomate\/wp-json\/wp\/v2\/product"}],"about":[{"href":"https:\/\/dutyfree.com.tn\/diplomate\/wp-json\/wp\/v2\/types\/product"}],"wp:featuredmedia":[{"embeddable":true,"href":"https:\/\/dutyfree.com.tn\/diplomate\/wp-json\/wp\/v2\/media\/2858"}],"wp:attachment":[{"href":"https:\/\/dutyfree.com.tn\/diplomate\/wp-json\/wp\/v2\/media?parent=2729"}],"wp:term":[{"taxonomy":"product_cat","embeddable":true,"href":"https:\/\/dutyfree.com.tn\/diplomate\/wp-json\/wp\/v2\/product_cat?post=2729"},{"taxonomy":"product_tag","embeddable":true,"href":"https:\/\/dutyfree.com.tn\/diplomate\/wp-json\/wp\/v2\/product_tag?post=2729"}],"curies":[{"name":"wp","href":"https:\/\/api.w.org\/{rel}","templated":true}]}}