{"id":2730,"date":"2025-10-17T12:25:16","date_gmt":"2025-10-17T10:25:16","guid":{"rendered":"https:\/\/dutyfree.com.tn\/diplomate\/produit\/mon-paris-edp-90ml\/"},"modified":"2025-10-22T12:17:12","modified_gmt":"2025-10-22T10:17:12","slug":"mon-paris-edp-90ml","status":"publish","type":"product","link":"https:\/\/dutyfree.com.tn\/diplomate\/produit\/mon-paris-edp-90ml\/","title":{"rendered":"MON PARIS EDP 90ML"},"content":{"rendered":"<p>MON PARIS, l\u2019exp\u00e9rience du vertige de l\u2019amour fou. La nouvelle eau de parfum d\u2019Yves Saint Laurent invite \u00e0 perdre les sens au c\u0153ur d\u2019un Paris vertigineux. Entre passion et libert\u00e9, audace et f\u00e9minit\u00e9, la fragrance m\u00eale \u00e0 la sensualit\u00e9 des muscs blancs l\u2019accord hypnotique de la fleur de Datura et l\u2019intensit\u00e9 d\u2019un patchouli d\u2019exception. Inspir\u00e9e du style pointu et r\u00e9solument moderne de la femme Yves Saint Laurent, la lavalli\u00e8re noire r\u00e9v\u00e8le l\u2019\u00e9l\u00e9gance d\u2019un flacon aux multiples facettes. Le parfum des amants terribles pour vivre l\u2019intensit\u00e9 de l\u2019amour fou.<\/p>\n","protected":false},"excerpt":{"rendered":"<p>MON PARIS, l\u2019exp\u00e9rience du vertige de l\u2019amour fou. La nouvelle eau de parfum d\u2019Yves Saint Laurent invite \u00e0 perdre les sens au c\u0153ur d\u2019un Paris vertigineux&#8230;<\/p>\n","protected":false},"featured_media":2857,"template":"","meta":{"_themeisle_gutenberg_block_has_review":false},"product_cat":[171,154,162],"product_tag":[],"_links":{"self":[{"href":"https:\/\/dutyfree.com.tn\/diplomate\/wp-json\/wp\/v2\/product\/2730"}],"collection":[{"href":"https:\/\/dutyfree.com.tn\/diplomate\/wp-json\/wp\/v2\/product"}],"about":[{"href":"https:\/\/dutyfree.com.tn\/diplomate\/wp-json\/wp\/v2\/types\/product"}],"wp:featuredmedia":[{"embeddable":true,"href":"https:\/\/dutyfree.com.tn\/diplomate\/wp-json\/wp\/v2\/media\/2857"}],"wp:attachment":[{"href":"https:\/\/dutyfree.com.tn\/diplomate\/wp-json\/wp\/v2\/media?parent=2730"}],"wp:term":[{"taxonomy":"product_cat","embeddable":true,"href":"https:\/\/dutyfree.com.tn\/diplomate\/wp-json\/wp\/v2\/product_cat?post=2730"},{"taxonomy":"product_tag","embeddable":true,"href":"https:\/\/dutyfree.com.tn\/diplomate\/wp-json\/wp\/v2\/product_tag?post=2730"}],"curies":[{"name":"wp","href":"https:\/\/api.w.org\/{rel}","templated":true}]}}