{"id":2731,"date":"2025-10-17T12:25:17","date_gmt":"2025-10-17T10:25:17","guid":{"rendered":"https:\/\/dutyfree.com.tn\/diplomate\/produit\/in-love-with-you-edp-100ml\/"},"modified":"2025-12-09T11:11:47","modified_gmt":"2025-12-09T10:11:47","slug":"in-love-with-you-edp-100ml","status":"publish","type":"product","link":"https:\/\/dutyfree.com.tn\/diplomate\/produit\/in-love-with-you-edp-100ml\/","title":{"rendered":"IN LOVE WITH YOU EDP 100ML"},"content":{"rendered":"<p>Armani in love with you eau de parfum floral fruit\u00e9 pour femme audacieux et sensuel.<\/p>\n<p>In love with you un reflet d\u2019amour dans un couple par moment passionn\u00e9, par moment plus doux, le duo de parfums pour un amour plus fort.<\/p>\n<p>Un sillage p\u00e9tillant plein de f\u00e9minit\u00e9 l\u2019eau de parfum in love with you repr\u00e9sente l\u2019amour qu\u2019une femme porte pour un homme, une femme libre d\u2019aim\u00e9 et libre de s\u00e9duire<\/p>\n<p>Les notes de t\u00eate p\u00e9tillante sont Framboise, Cassis et Griotte. Les notes de c\u0153ur sensuel sont Rose, Jasmin et Absinthe. La note de fond est Patchouli.<\/p>\n","protected":false},"excerpt":{"rendered":"<p>In love with you un reflet d\u2019amour dans un couple par moment passionn\u00e9, par moment plus doux, le duo de parfums pour un amour plus fort&#8230;<\/p>\n","protected":false},"featured_media":2860,"template":"","meta":{"_themeisle_gutenberg_block_has_review":false},"product_cat":[171,154,162],"product_tag":[],"_links":{"self":[{"href":"https:\/\/dutyfree.com.tn\/diplomate\/wp-json\/wp\/v2\/product\/2731"}],"collection":[{"href":"https:\/\/dutyfree.com.tn\/diplomate\/wp-json\/wp\/v2\/product"}],"about":[{"href":"https:\/\/dutyfree.com.tn\/diplomate\/wp-json\/wp\/v2\/types\/product"}],"wp:featuredmedia":[{"embeddable":true,"href":"https:\/\/dutyfree.com.tn\/diplomate\/wp-json\/wp\/v2\/media\/2860"}],"wp:attachment":[{"href":"https:\/\/dutyfree.com.tn\/diplomate\/wp-json\/wp\/v2\/media?parent=2731"}],"wp:term":[{"taxonomy":"product_cat","embeddable":true,"href":"https:\/\/dutyfree.com.tn\/diplomate\/wp-json\/wp\/v2\/product_cat?post=2731"},{"taxonomy":"product_tag","embeddable":true,"href":"https:\/\/dutyfree.com.tn\/diplomate\/wp-json\/wp\/v2\/product_tag?post=2731"}],"curies":[{"name":"wp","href":"https:\/\/api.w.org\/{rel}","templated":true}]}}