{"id":2745,"date":"2025-10-17T12:25:27","date_gmt":"2025-10-17T10:25:27","guid":{"rendered":"https:\/\/dutyfree.com.tn\/diplomate\/produit\/si-passione-intense-edp-100ml\/"},"modified":"2025-10-22T12:45:51","modified_gmt":"2025-10-22T10:45:51","slug":"si-passione-intense-edp-100ml","status":"publish","type":"product","link":"https:\/\/dutyfree.com.tn\/diplomate\/produit\/si-passione-intense-edp-100ml\/","title":{"rendered":"SI PASSIONE INTENSE EDP 100ML"},"content":{"rendered":"<p>D\u00e9couvrez le 1er parfum qui fait battre votre coeur. Cette eau de parfum intense florale ambr\u00e9e bois\u00e9e met en lumi\u00e8re les diff\u00e9rentes facettes du jasmin \u00e0 chaque \u00e9tape de la cr\u00e9ation. Un jasmin multifacette, issu de sources durables en Inde. En t\u00eate, il brille avec des notes de cassis et de poire juteuse. Au fur et \u00e0 mesure que la fragrance \u00e9volue le jasmin prend une nouvelle dimension intens\u00e9ment florale et captivante. En fond, il se m\u00eale aux notes r\u00e9confortantes de vanille et devient plus sensuel. Son flacon est orn\u00e9 du logo S\u00ec, emboss\u00e9 dans le verre gr\u00e2ce \u00e0 un savoir-faire unique, et par\u00e9 d&#8217;un rouge profond d\u00e9grad\u00e9 qui refl\u00e8te la mont\u00e9e en puissance des \u00e9motions ! Un flacon pr\u00e9cieux con\u00e7u pour durer, rechargeable et recyclable, qui refl\u00e8te l&#8217;engagement de Giorgio Armani envers la plan\u00e8te.<\/p>\n","protected":false},"excerpt":{"rendered":"<p>D\u00e9couvrez le 1er parfum qui fait battre votre coeur. Cette eau de parfum intense florale ambr\u00e9e bois\u00e9e met en lumi\u00e8re les diff\u00e9rentes facettes du jasmin \u00e0 chaque \u00e9tape de la cr\u00e9ation&#8230;.<\/p>\n","protected":false},"featured_media":2861,"template":"","meta":{"_themeisle_gutenberg_block_has_review":false},"product_cat":[154,162],"product_tag":[],"_links":{"self":[{"href":"https:\/\/dutyfree.com.tn\/diplomate\/wp-json\/wp\/v2\/product\/2745"}],"collection":[{"href":"https:\/\/dutyfree.com.tn\/diplomate\/wp-json\/wp\/v2\/product"}],"about":[{"href":"https:\/\/dutyfree.com.tn\/diplomate\/wp-json\/wp\/v2\/types\/product"}],"wp:featuredmedia":[{"embeddable":true,"href":"https:\/\/dutyfree.com.tn\/diplomate\/wp-json\/wp\/v2\/media\/2861"}],"wp:attachment":[{"href":"https:\/\/dutyfree.com.tn\/diplomate\/wp-json\/wp\/v2\/media?parent=2745"}],"wp:term":[{"taxonomy":"product_cat","embeddable":true,"href":"https:\/\/dutyfree.com.tn\/diplomate\/wp-json\/wp\/v2\/product_cat?post=2745"},{"taxonomy":"product_tag","embeddable":true,"href":"https:\/\/dutyfree.com.tn\/diplomate\/wp-json\/wp\/v2\/product_tag?post=2745"}],"curies":[{"name":"wp","href":"https:\/\/api.w.org\/{rel}","templated":true}]}}