{"id":2775,"date":"2025-10-17T12:25:46","date_gmt":"2025-10-17T10:25:46","guid":{"rendered":"https:\/\/dutyfree.com.tn\/diplomate\/produit\/la-vie-est-belle-elixir-edp100\/"},"modified":"2025-11-28T14:17:36","modified_gmt":"2025-11-28T13:17:36","slug":"la-vie-est-belle-elixir-edp100","status":"publish","type":"product","link":"https:\/\/dutyfree.com.tn\/diplomate\/produit\/la-vie-est-belle-elixir-edp100\/","title":{"rendered":"LA VIE EST BELLE ELIXIR EDP 100ML"},"content":{"rendered":"<p>Que se passerait-il si vous osiez partir \u00e0 la conqu\u00eate de votre propre bonheur ?<\/p>\n<p>Tout d\u00e9marre par un engagement envers soi-m\u00eame, celui d&#8217;\u00e9couter son intuition et d&#8217;avoir le courage de d\u00e9fier les attentes pour consid\u00e9rer son propre bonheur comme une priorit\u00e9 et suivre ce qui compte le plus pour soi.<\/p>\n<p>Cette conviction a d\u00e9sormais un parfum : La Vie Est Belle L\u2019Elixir. La premi\u00e8re violette d\u00e9licieuse de Lanc\u00f4me.<\/p>\n<p>Plus qu&#8217;un parfum, une profonde \u00e9motion. Un sillage inattendu n\u00e9 de la rencontre d&#8217;une framboise liquoreuse et d&#8217;un absolu de feuille de violette sublim\u00e9 par un absolu de beurre de cacao addictif.<\/p>\n<p>&nbsp;<\/p>\n<p class=\"c-content-tile__description\">\u2713 FLORAL<\/p>\n<p class=\"c-content-tile__description\">\u2713 FRUIT\u00c9<\/p>\n<p class=\"c-content-tile__description\">\u2713 GOURMAND<\/p>\n","protected":false},"excerpt":{"rendered":"<p>Que se passerait-il si vous osiez partir \u00e0 la conqu\u00eate de votre propre bonheur ?<\/p>\n<p>Tout d\u00e9marre par un engagement envers soi-m\u00eame, celui d&#8217;\u00e9couter son intuition et d&#8217;avoir le courage de d\u00e9fier les attentes pour consid\u00e9rer son propre bonheur comme une priorit\u00e9 &#8230;<\/p>\n","protected":false},"featured_media":2849,"template":"","meta":{"_themeisle_gutenberg_block_has_review":false},"product_cat":[171,154,162],"product_tag":[],"_links":{"self":[{"href":"https:\/\/dutyfree.com.tn\/diplomate\/wp-json\/wp\/v2\/product\/2775"}],"collection":[{"href":"https:\/\/dutyfree.com.tn\/diplomate\/wp-json\/wp\/v2\/product"}],"about":[{"href":"https:\/\/dutyfree.com.tn\/diplomate\/wp-json\/wp\/v2\/types\/product"}],"wp:featuredmedia":[{"embeddable":true,"href":"https:\/\/dutyfree.com.tn\/diplomate\/wp-json\/wp\/v2\/media\/2849"}],"wp:attachment":[{"href":"https:\/\/dutyfree.com.tn\/diplomate\/wp-json\/wp\/v2\/media?parent=2775"}],"wp:term":[{"taxonomy":"product_cat","embeddable":true,"href":"https:\/\/dutyfree.com.tn\/diplomate\/wp-json\/wp\/v2\/product_cat?post=2775"},{"taxonomy":"product_tag","embeddable":true,"href":"https:\/\/dutyfree.com.tn\/diplomate\/wp-json\/wp\/v2\/product_tag?post=2775"}],"curies":[{"name":"wp","href":"https:\/\/api.w.org\/{rel}","templated":true}]}}