{"id":2779,"date":"2025-10-17T12:25:49","date_gmt":"2025-10-17T10:25:49","guid":{"rendered":"https:\/\/dutyfree.com.tn\/diplomate\/produit\/la-femme-prada-edp-50ml\/"},"modified":"2025-10-22T11:15:28","modified_gmt":"2025-10-22T09:15:28","slug":"la-femme-prada-edp-50ml","status":"publish","type":"product","link":"https:\/\/dutyfree.com.tn\/diplomate\/produit\/la-femme-prada-edp-50ml\/","title":{"rendered":"LA FEMME PRADA EDP 50ML"},"content":{"rendered":"<p>La Femme Prada rend hommage au c\u00f4t\u00e9 inattendu du frangipanier. Un parfum floral tr\u00e8s sensuel, adouci par la cire d&#8217;abeille et la vanille et rehauss\u00e9 par l&#8217;absolu de tubercule et par le v\u00e9tiver \u00e9tonnamment f\u00e9minin, qui apporte une \u00e9nergie positive.<\/p>\n","protected":false},"excerpt":{"rendered":"<p>La Femme Prada rend hommage au c\u00f4t\u00e9 inattendu du frangipanier. Un parfum floral tr\u00e8s sensuel, adouci par la cire d&#8217;abeille et la vanille et rehauss\u00e9 par l&#8217;absolu de tubercule et par le v\u00e9tiver \u00e9tonnamment f\u00e9minin, qui apporte une \u00e9nergie positive.<\/p>\n","protected":false},"featured_media":2838,"template":"","meta":{"_themeisle_gutenberg_block_has_review":false},"product_cat":[171,154,162],"product_tag":[],"_links":{"self":[{"href":"https:\/\/dutyfree.com.tn\/diplomate\/wp-json\/wp\/v2\/product\/2779"}],"collection":[{"href":"https:\/\/dutyfree.com.tn\/diplomate\/wp-json\/wp\/v2\/product"}],"about":[{"href":"https:\/\/dutyfree.com.tn\/diplomate\/wp-json\/wp\/v2\/types\/product"}],"wp:featuredmedia":[{"embeddable":true,"href":"https:\/\/dutyfree.com.tn\/diplomate\/wp-json\/wp\/v2\/media\/2838"}],"wp:attachment":[{"href":"https:\/\/dutyfree.com.tn\/diplomate\/wp-json\/wp\/v2\/media?parent=2779"}],"wp:term":[{"taxonomy":"product_cat","embeddable":true,"href":"https:\/\/dutyfree.com.tn\/diplomate\/wp-json\/wp\/v2\/product_cat?post=2779"},{"taxonomy":"product_tag","embeddable":true,"href":"https:\/\/dutyfree.com.tn\/diplomate\/wp-json\/wp\/v2\/product_tag?post=2779"}],"curies":[{"name":"wp","href":"https:\/\/api.w.org\/{rel}","templated":true}]}}