{"id":2781,"date":"2025-10-17T12:25:51","date_gmt":"2025-10-17T10:25:51","guid":{"rendered":"https:\/\/dutyfree.com.tn\/diplomate\/produit\/la-femme-prada-eau-edt-100ml\/"},"modified":"2025-12-09T11:04:59","modified_gmt":"2025-12-09T10:04:59","slug":"la-femme-prada-eau-edt-100ml","status":"publish","type":"product","link":"https:\/\/dutyfree.com.tn\/diplomate\/produit\/la-femme-prada-eau-edt-100ml\/","title":{"rendered":"LA FEMME PRADA EDT 100ML"},"content":{"rendered":"<p>LA FEMME PRADA L&#8217;EAU de Prada est une \u00abEau de Toilette\u00bb qui appartient \u00e0 la famille olfactive Floral Oriental. C&#8217;est la r\u00e9interpr\u00e9tation du parfum f\u00e9minin LA FEMME PRADA en version all\u00e9g\u00e9e.<\/p>\n<p>Cr\u00e9\u00e9e en 2017 par la parfumeuse Daniela Andrier, c&#8217;est une composition florale o\u00f9 pr\u00e9dominent les fleurs blanches et les agrumes avec une touche de notes bois\u00e9es qui lui conf\u00e8rent une chaleur unique. Au d\u00e9but on retrouve des notes de mandarine et de frangipanier; les notes de coeur sont la tub\u00e9reuse et l&#8217;ylang ylang; au fond, il poss\u00e8de des bois pr\u00e9cieux comme le bois de santal qui conf\u00e8rent au parfum chaleur et maturit\u00e9.<\/p>\n<p>F\u00c9MINIT\u00c9 DANS UN JAR. Sa f\u00e9minit\u00e9 se r\u00e9v\u00e8le dans un flacon rectangulaire avec des d\u00e9tails en or et cuir Saffiano en rose. Une combinaison simple mais f\u00e9minine et \u00e9l\u00e9gante qui fait la distinction.<\/p>\n","protected":false},"excerpt":{"rendered":"<p>LA FEMME PRADA L&#8217;EAU de Prada est une \u00abEau de Toilette\u00bb qui appartient \u00e0 la famille olfactive Floral Oriental. C&#8217;est la r\u00e9interpr\u00e9tation du parfum f\u00e9minin LA FEMME PRADA en version all\u00e9g\u00e9e&#8230;<\/p>\n","protected":false},"featured_media":2838,"template":"","meta":{"_themeisle_gutenberg_block_has_review":false},"product_cat":[154,162],"product_tag":[],"_links":{"self":[{"href":"https:\/\/dutyfree.com.tn\/diplomate\/wp-json\/wp\/v2\/product\/2781"}],"collection":[{"href":"https:\/\/dutyfree.com.tn\/diplomate\/wp-json\/wp\/v2\/product"}],"about":[{"href":"https:\/\/dutyfree.com.tn\/diplomate\/wp-json\/wp\/v2\/types\/product"}],"wp:featuredmedia":[{"embeddable":true,"href":"https:\/\/dutyfree.com.tn\/diplomate\/wp-json\/wp\/v2\/media\/2838"}],"wp:attachment":[{"href":"https:\/\/dutyfree.com.tn\/diplomate\/wp-json\/wp\/v2\/media?parent=2781"}],"wp:term":[{"taxonomy":"product_cat","embeddable":true,"href":"https:\/\/dutyfree.com.tn\/diplomate\/wp-json\/wp\/v2\/product_cat?post=2781"},{"taxonomy":"product_tag","embeddable":true,"href":"https:\/\/dutyfree.com.tn\/diplomate\/wp-json\/wp\/v2\/product_tag?post=2781"}],"curies":[{"name":"wp","href":"https:\/\/api.w.org\/{rel}","templated":true}]}}