{"id":2832,"date":"2025-10-17T12:26:21","date_gmt":"2025-10-17T10:26:21","guid":{"rendered":"https:\/\/dutyfree.com.tn\/diplomate\/produit\/black-opium-edp-30ml\/"},"modified":"2025-12-09T12:13:44","modified_gmt":"2025-12-09T11:13:44","slug":"black-opium-edp-30ml","status":"publish","type":"product","link":"https:\/\/dutyfree.com.tn\/diplomate\/produit\/black-opium-edp-30ml\/","title":{"rendered":"YSL BLACK OPIUM EDP 30ML"},"content":{"rendered":"<p>Black Opium Le Parfum, la nouvelle intensit\u00e9 par Yves Saint Laurent. Le Caf\u00e9 Floral embl\u00e9matique, intensifi\u00e9 par un Quatuor de Vanilles hypnotique. Pour une h\u00e9ro\u00efne sensuelle qui fait de chaque nuit un inoubliable terrain de f\u00eate. Black Opium Le Parfum, Le Caf\u00e9 Floral le plus puissant et le plus audacieux. Un Quatuor de Vanilles intensifie et enveloppe l\u2019Accord Caf\u00e9 Noir d\u2019un exc\u00e8s de sensualit\u00e9 gourmande : La Vanille Planifolia de Madagascar, ingr\u00e9dient charnel du mix original Black Opium La Vanille en gousse de Madagascar aux notes fum\u00e9es et bois\u00e9es L&#8217;absolu de Vanille de Tahiti, poudr\u00e9 et anis\u00e9 L&#8217;infusion de Vanille Bourbon de Madagascar, facette la plus pr\u00e9cieuse aux notes animales et sensuelles L&#8217;accord Caf\u00e9 Floral Original de Black Opium est twist\u00e9 par un Quatuor exceptionnel de Vanilles.<\/p>\n","protected":false},"excerpt":{"rendered":"<p>Black Opium Le Parfum, la nouvelle intensit\u00e9 par Yves Saint Laurent. Le Caf\u00e9 Floral embl\u00e9matique, intensifi\u00e9 par un Quatuor de Vanilles hypnotique. Pour une h\u00e9ro\u00efne sensuelle qui fait de chaque nuit un inoubliable terrain de f\u00eate&#8230;<\/p>\n","protected":false},"featured_media":2840,"template":"","meta":{"_themeisle_gutenberg_block_has_review":false},"product_cat":[171,154,162],"product_tag":[],"_links":{"self":[{"href":"https:\/\/dutyfree.com.tn\/diplomate\/wp-json\/wp\/v2\/product\/2832"}],"collection":[{"href":"https:\/\/dutyfree.com.tn\/diplomate\/wp-json\/wp\/v2\/product"}],"about":[{"href":"https:\/\/dutyfree.com.tn\/diplomate\/wp-json\/wp\/v2\/types\/product"}],"wp:featuredmedia":[{"embeddable":true,"href":"https:\/\/dutyfree.com.tn\/diplomate\/wp-json\/wp\/v2\/media\/2840"}],"wp:attachment":[{"href":"https:\/\/dutyfree.com.tn\/diplomate\/wp-json\/wp\/v2\/media?parent=2832"}],"wp:term":[{"taxonomy":"product_cat","embeddable":true,"href":"https:\/\/dutyfree.com.tn\/diplomate\/wp-json\/wp\/v2\/product_cat?post=2832"},{"taxonomy":"product_tag","embeddable":true,"href":"https:\/\/dutyfree.com.tn\/diplomate\/wp-json\/wp\/v2\/product_tag?post=2832"}],"curies":[{"name":"wp","href":"https:\/\/api.w.org\/{rel}","templated":true}]}}