{"id":2991,"date":"2026-02-05T12:33:57","date_gmt":"2026-02-05T11:33:57","guid":{"rendered":"https:\/\/dutyfree.com.tn\/diplomate\/produit\/veloute-facon-poelee-liebig-1l\/"},"modified":"2026-02-05T12:44:06","modified_gmt":"2026-02-05T11:44:06","slug":"veloute-facon-poelee-liebig-1l","status":"publish","type":"product","link":"https:\/\/dutyfree.com.tn\/diplomate\/produit\/veloute-facon-poelee-liebig-1l\/","title":{"rendered":"Velout\u00e9 Fa\u00e7on Po\u00eal\u00e9e LIEBIG 1L"},"content":{"rendered":"","protected":false},"excerpt":{"rendered":"","protected":false},"featured_media":3016,"template":"","meta":{"_themeisle_gutenberg_block_has_review":false},"product_cat":[213,209,171],"product_tag":[],"_links":{"self":[{"href":"https:\/\/dutyfree.com.tn\/diplomate\/wp-json\/wp\/v2\/product\/2991"}],"collection":[{"href":"https:\/\/dutyfree.com.tn\/diplomate\/wp-json\/wp\/v2\/product"}],"about":[{"href":"https:\/\/dutyfree.com.tn\/diplomate\/wp-json\/wp\/v2\/types\/product"}],"wp:featuredmedia":[{"embeddable":true,"href":"https:\/\/dutyfree.com.tn\/diplomate\/wp-json\/wp\/v2\/media\/3016"}],"wp:attachment":[{"href":"https:\/\/dutyfree.com.tn\/diplomate\/wp-json\/wp\/v2\/media?parent=2991"}],"wp:term":[{"taxonomy":"product_cat","embeddable":true,"href":"https:\/\/dutyfree.com.tn\/diplomate\/wp-json\/wp\/v2\/product_cat?post=2991"},{"taxonomy":"product_tag","embeddable":true,"href":"https:\/\/dutyfree.com.tn\/diplomate\/wp-json\/wp\/v2\/product_tag?post=2991"}],"curies":[{"name":"wp","href":"https:\/\/api.w.org\/{rel}","templated":true}]}}