{"id":3053,"date":"2026-02-06T09:45:54","date_gmt":"2026-02-06T08:45:54","guid":{"rendered":"https:\/\/dutyfree.com.tn\/diplomate\/produit\/champignons-emince-epais-bonduelle\/"},"modified":"2026-02-06T09:48:05","modified_gmt":"2026-02-06T08:48:05","slug":"champignons-emince-epais-bonduelle","status":"publish","type":"product","link":"https:\/\/dutyfree.com.tn\/diplomate\/produit\/champignons-emince-epais-bonduelle\/","title":{"rendered":"CHAMPIGNONS \u00c9MINC\u00c9 \u00c9PAIS BONDUELLE"},"content":{"rendered":"","protected":false},"excerpt":{"rendered":"","protected":false},"featured_media":3065,"template":"","meta":{"_themeisle_gutenberg_block_has_review":false},"product_cat":[213,209,171],"product_tag":[],"_links":{"self":[{"href":"https:\/\/dutyfree.com.tn\/diplomate\/wp-json\/wp\/v2\/product\/3053"}],"collection":[{"href":"https:\/\/dutyfree.com.tn\/diplomate\/wp-json\/wp\/v2\/product"}],"about":[{"href":"https:\/\/dutyfree.com.tn\/diplomate\/wp-json\/wp\/v2\/types\/product"}],"wp:featuredmedia":[{"embeddable":true,"href":"https:\/\/dutyfree.com.tn\/diplomate\/wp-json\/wp\/v2\/media\/3065"}],"wp:attachment":[{"href":"https:\/\/dutyfree.com.tn\/diplomate\/wp-json\/wp\/v2\/media?parent=3053"}],"wp:term":[{"taxonomy":"product_cat","embeddable":true,"href":"https:\/\/dutyfree.com.tn\/diplomate\/wp-json\/wp\/v2\/product_cat?post=3053"},{"taxonomy":"product_tag","embeddable":true,"href":"https:\/\/dutyfree.com.tn\/diplomate\/wp-json\/wp\/v2\/product_tag?post=3053"}],"curies":[{"name":"wp","href":"https:\/\/api.w.org\/{rel}","templated":true}]}}