{"id":1193,"date":"2024-09-12T18:37:29","date_gmt":"2024-09-12T16:37:29","guid":{"rendered":"https:\/\/dutyfree.com.tn\/maritime\/?post_type=product&#038;p=1193"},"modified":"2025-11-07T10:47:53","modified_gmt":"2025-11-07T09:47:53","slug":"traitement-capillaire-7-en-1-100ml","status":"publish","type":"product","link":"https:\/\/dutyfree.com.tn\/maritime\/produit\/traitement-capillaire-7-en-1-100ml\/","title":{"rendered":"TRAITEMENT CAPILLAIRE (7 EN 1) 100ML"},"content":{"rendered":"","protected":false},"excerpt":{"rendered":"<p>Soins capillaires polyvalents : protecteur thermique, r\u00e9duit les pointes fourchues, d\u00e9m\u00ealant, traitement capillaire sans<br \/>\nrin\u00e7age, r\u00e9duit les frisottis et lisse, aide au coiffage au s\u00e8che-cheveux et ajoute de la brillance.<\/p>\n<p><img loading=\"lazy\" decoding=\"async\" class=\"alignnone size-full wp-image-1740\" src=\"https:\/\/dutyfree.com.tn\/maritime\/wp-content\/uploads\/pawpaw-1.jpg\" alt=\"\" width=\"119\" height=\"127\" srcset=\"https:\/\/dutyfree.com.tn\/maritime\/wp-content\/uploads\/pawpaw-1.jpg 119w, https:\/\/dutyfree.com.tn\/maritime\/wp-content\/uploads\/pawpaw-1-56x60.jpg 56w\" sizes=\"(max-width: 119px) 100vw, 119px\" \/><\/p>\n","protected":false},"featured_media":1177,"template":"","meta":{"_themeisle_gutenberg_block_has_review":false},"product_cat":[171,155],"product_tag":[],"_links":{"self":[{"href":"https:\/\/dutyfree.com.tn\/maritime\/wp-json\/wp\/v2\/product\/1193"}],"collection":[{"href":"https:\/\/dutyfree.com.tn\/maritime\/wp-json\/wp\/v2\/product"}],"about":[{"href":"https:\/\/dutyfree.com.tn\/maritime\/wp-json\/wp\/v2\/types\/product"}],"wp:featuredmedia":[{"embeddable":true,"href":"https:\/\/dutyfree.com.tn\/maritime\/wp-json\/wp\/v2\/media\/1177"}],"wp:attachment":[{"href":"https:\/\/dutyfree.com.tn\/maritime\/wp-json\/wp\/v2\/media?parent=1193"}],"wp:term":[{"taxonomy":"product_cat","embeddable":true,"href":"https:\/\/dutyfree.com.tn\/maritime\/wp-json\/wp\/v2\/product_cat?post=1193"},{"taxonomy":"product_tag","embeddable":true,"href":"https:\/\/dutyfree.com.tn\/maritime\/wp-json\/wp\/v2\/product_tag?post=1193"}],"curies":[{"name":"wp","href":"https:\/\/api.w.org\/{rel}","templated":true}]}}