{"id":1539,"date":"2024-09-15T19:48:01","date_gmt":"2024-09-15T17:48:01","guid":{"rendered":"https:\/\/dutyfree.com.tn\/maritime\/?post_type=product&#038;p=1539"},"modified":"2025-11-05T13:10:53","modified_gmt":"2025-11-05T12:10:53","slug":"1-million-eau-de-toilette-100-ml","status":"publish","type":"product","link":"https:\/\/dutyfree.com.tn\/maritime\/produit\/1-million-eau-de-toilette-100-ml\/","title":{"rendered":"1 MILLION , Eau de Toilette 100 ml"},"content":{"rendered":"<p>Le contraste parfait entre un accord frais et p\u00e9tillant, un c\u0153ur \u00e9pic\u00e9 et des notes de fond sensuelles et cuivr\u00e9es.<\/p>\n","protected":false},"excerpt":{"rendered":"<p>Le contraste parfait entre un accord frais et p\u00e9tillant, un c\u0153ur \u00e9pic\u00e9 et des notes de fond sensuelles et cuivr\u00e9es.<\/p>\n<p><img loading=\"lazy\" decoding=\"async\" class=\"alignnone size-full wp-image-1665\" src=\"https:\/\/dutyfree.com.tn\/maritime\/maritime\/wp-content\/uploads\/RABANE.jpg\" alt=\"\" width=\"141\" height=\"39\" \/><\/p>\n","protected":false},"featured_media":1356,"template":"","meta":{"_themeisle_gutenberg_block_has_review":false},"product_cat":[171,154,161],"product_tag":[],"_links":{"self":[{"href":"https:\/\/dutyfree.com.tn\/maritime\/wp-json\/wp\/v2\/product\/1539"}],"collection":[{"href":"https:\/\/dutyfree.com.tn\/maritime\/wp-json\/wp\/v2\/product"}],"about":[{"href":"https:\/\/dutyfree.com.tn\/maritime\/wp-json\/wp\/v2\/types\/product"}],"wp:featuredmedia":[{"embeddable":true,"href":"https:\/\/dutyfree.com.tn\/maritime\/wp-json\/wp\/v2\/media\/1356"}],"wp:attachment":[{"href":"https:\/\/dutyfree.com.tn\/maritime\/wp-json\/wp\/v2\/media?parent=1539"}],"wp:term":[{"taxonomy":"product_cat","embeddable":true,"href":"https:\/\/dutyfree.com.tn\/maritime\/wp-json\/wp\/v2\/product_cat?post=1539"},{"taxonomy":"product_tag","embeddable":true,"href":"https:\/\/dutyfree.com.tn\/maritime\/wp-json\/wp\/v2\/product_tag?post=1539"}],"curies":[{"name":"wp","href":"https:\/\/api.w.org\/{rel}","templated":true}]}}