{"id":1753,"date":"2025-01-11T10:47:01","date_gmt":"2025-01-11T09:47:01","guid":{"rendered":"https:\/\/dutyfree.com.tn\/maritime\/?post_type=product&#038;p=1753"},"modified":"2025-01-11T10:49:18","modified_gmt":"2025-01-11T09:49:18","slug":"bracelet-kroumir-dore","status":"publish","type":"product","link":"https:\/\/dutyfree.com.tn\/maritime\/produit\/bracelet-kroumir-dore\/","title":{"rendered":"BRACELET KROUMIR DOR\u00c9"},"content":{"rendered":"","protected":false},"excerpt":{"rendered":"<p>1 Bracelet traditionnel tunisien en m\u00e9tal dor\u00e9.<\/p>\n<p>&nbsp;<\/p>\n","protected":false},"featured_media":1754,"template":"","meta":{"_themeisle_gutenberg_block_has_review":false},"product_cat":[171,207],"product_tag":[],"_links":{"self":[{"href":"https:\/\/dutyfree.com.tn\/maritime\/wp-json\/wp\/v2\/product\/1753"}],"collection":[{"href":"https:\/\/dutyfree.com.tn\/maritime\/wp-json\/wp\/v2\/product"}],"about":[{"href":"https:\/\/dutyfree.com.tn\/maritime\/wp-json\/wp\/v2\/types\/product"}],"wp:featuredmedia":[{"embeddable":true,"href":"https:\/\/dutyfree.com.tn\/maritime\/wp-json\/wp\/v2\/media\/1754"}],"wp:attachment":[{"href":"https:\/\/dutyfree.com.tn\/maritime\/wp-json\/wp\/v2\/media?parent=1753"}],"wp:term":[{"taxonomy":"product_cat","embeddable":true,"href":"https:\/\/dutyfree.com.tn\/maritime\/wp-json\/wp\/v2\/product_cat?post=1753"},{"taxonomy":"product_tag","embeddable":true,"href":"https:\/\/dutyfree.com.tn\/maritime\/wp-json\/wp\/v2\/product_tag?post=1753"}],"curies":[{"name":"wp","href":"https:\/\/api.w.org\/{rel}","templated":true}]}}