{"id":1189,"date":"2024-09-12T18:29:13","date_gmt":"2024-09-12T16:29:13","guid":{"rendered":"https:\/\/dutyfree.com.tn\/melloula\/?post_type=product&#038;p=1189"},"modified":"2025-01-23T15:32:05","modified_gmt":"2025-01-23T14:32:05","slug":"nuxe-travel-essentials","status":"publish","type":"product","link":"https:\/\/dutyfree.com.tn\/melloula\/produit\/nuxe-travel-essentials\/","title":{"rendered":"NUXE TRAVEL ESSENTIALS"},"content":{"rendered":"","protected":false},"excerpt":{"rendered":"<p>1 Mini Huile Prodigieuse\u00ae Huile S\u00e8che Multi-usages 10 ml<br \/>\n1 Cr\u00e8me Mains et Ongles R\u00eave de Miel\u00ae 15 ml<br \/>\n1 Baume L\u00e8vres Ultra-Nourrissant R\u00eave de Miel\u00ae 15 g<br \/>\n1 Eau Micellaire Very Rose D\u00e9maquillante 100 ml<br \/>\n1 Cr\u00e8me Fra\u00eeche de Beaut\u00e9\u00ae, Cr\u00e8me repulpante hydratante 30 ml<br \/>\n<img loading=\"lazy\" decoding=\"async\" src=\"https:\/\/dutyfree.com.tn\/melloula\/wp-content\/uploads\/nuxe.jpg\" alt=\"\" width=\"156\" height=\"81\" class=\"alignnone size-full wp-image-1757\" srcset=\"https:\/\/dutyfree.com.tn\/melloula\/wp-content\/uploads\/nuxe.jpg 156w, https:\/\/dutyfree.com.tn\/melloula\/wp-content\/uploads\/nuxe-116x60.jpg 116w\" sizes=\"(max-width: 156px) 100vw, 156px\" \/><\/p>\n","protected":false},"featured_media":1176,"template":"","meta":{"_themeisle_gutenberg_block_has_review":false},"product_cat":[171,155],"product_tag":[],"_links":{"self":[{"href":"https:\/\/dutyfree.com.tn\/melloula\/wp-json\/wp\/v2\/product\/1189"}],"collection":[{"href":"https:\/\/dutyfree.com.tn\/melloula\/wp-json\/wp\/v2\/product"}],"about":[{"href":"https:\/\/dutyfree.com.tn\/melloula\/wp-json\/wp\/v2\/types\/product"}],"wp:featuredmedia":[{"embeddable":true,"href":"https:\/\/dutyfree.com.tn\/melloula\/wp-json\/wp\/v2\/media\/1176"}],"wp:attachment":[{"href":"https:\/\/dutyfree.com.tn\/melloula\/wp-json\/wp\/v2\/media?parent=1189"}],"wp:term":[{"taxonomy":"product_cat","embeddable":true,"href":"https:\/\/dutyfree.com.tn\/melloula\/wp-json\/wp\/v2\/product_cat?post=1189"},{"taxonomy":"product_tag","embeddable":true,"href":"https:\/\/dutyfree.com.tn\/melloula\/wp-json\/wp\/v2\/product_tag?post=1189"}],"curies":[{"name":"wp","href":"https:\/\/api.w.org\/{rel}","templated":true}]}}