{"id":1191,"date":"2024-09-12T18:34:41","date_gmt":"2024-09-12T16:34:41","guid":{"rendered":"https:\/\/dutyfree.com.tn\/melloula\/?post_type=product&#038;p=1191"},"modified":"2025-11-10T14:55:22","modified_gmt":"2025-11-10T13:55:22","slug":"biologique-15-ml","status":"publish","type":"product","link":"https:\/\/dutyfree.com.tn\/melloula\/produit\/biologique-15-ml\/","title":{"rendered":"HUILE DE P\u00c9PINS DE FIGUE DE BARBARIE  BIOLOGIQUE 15 ml"},"content":{"rendered":"","protected":false},"excerpt":{"rendered":"<p>L\u2019huile de p\u00e9pins de figue de barbarie \u00abNAKAWA\u00bb est une huile tr\u00e8s rare et pr\u00e9cieuse extraite de 100% de graines de figue de barbarie. Test\u00e9 cliniquement et dermatologiquement.<\/p>\n<p><img loading=\"lazy\" decoding=\"async\" class=\"alignnone size-full wp-image-1781\" src=\"https:\/\/dutyfree.com.tn\/melloula\/wp-content\/uploads\/nakawa-1.jpg\" alt=\"\" width=\"122\" height=\"71\" srcset=\"https:\/\/dutyfree.com.tn\/melloula\/wp-content\/uploads\/nakawa-1.jpg 122w, https:\/\/dutyfree.com.tn\/melloula\/wp-content\/uploads\/nakawa-1-103x60.jpg 103w\" sizes=\"(max-width: 122px) 100vw, 122px\" \/><\/p>\n<p>&nbsp;<\/p>\n","protected":false},"featured_media":1174,"template":"","meta":{"_themeisle_gutenberg_block_has_review":false},"product_cat":[171,155],"product_tag":[],"_links":{"self":[{"href":"https:\/\/dutyfree.com.tn\/melloula\/wp-json\/wp\/v2\/product\/1191"}],"collection":[{"href":"https:\/\/dutyfree.com.tn\/melloula\/wp-json\/wp\/v2\/product"}],"about":[{"href":"https:\/\/dutyfree.com.tn\/melloula\/wp-json\/wp\/v2\/types\/product"}],"wp:featuredmedia":[{"embeddable":true,"href":"https:\/\/dutyfree.com.tn\/melloula\/wp-json\/wp\/v2\/media\/1174"}],"wp:attachment":[{"href":"https:\/\/dutyfree.com.tn\/melloula\/wp-json\/wp\/v2\/media?parent=1191"}],"wp:term":[{"taxonomy":"product_cat","embeddable":true,"href":"https:\/\/dutyfree.com.tn\/melloula\/wp-json\/wp\/v2\/product_cat?post=1191"},{"taxonomy":"product_tag","embeddable":true,"href":"https:\/\/dutyfree.com.tn\/melloula\/wp-json\/wp\/v2\/product_tag?post=1191"}],"curies":[{"name":"wp","href":"https:\/\/api.w.org\/{rel}","templated":true}]}}