{"id":1464,"date":"2024-09-14T17:29:09","date_gmt":"2024-09-14T15:29:09","guid":{"rendered":"https:\/\/dutyfree.com.tn\/melloula\/?post_type=product&#038;p=1464"},"modified":"2025-11-10T09:35:05","modified_gmt":"2025-11-10T08:35:05","slug":"montre-homme-aviator","status":"publish","type":"product","link":"https:\/\/dutyfree.com.tn\/melloula\/produit\/montre-homme-aviator\/","title":{"rendered":"MONTRE HOMME AVIATOR"},"content":{"rendered":"","protected":false},"excerpt":{"rendered":"<p>1 Montre intelligente avec bo\u00eetier en m\u00e9tal massif plaqu\u00e9 IP, dot\u00e9e de fonctions multiples et d\u2019un bracelet interchangeable.<br \/>\n<img loading=\"lazy\" decoding=\"async\" class=\"alignnone size-full wp-image-1761\" src=\"https:\/\/dutyfree.com.tn\/melloula\/wp-content\/uploads\/aviator.jpg\" alt=\"\" width=\"126\" height=\"84\" srcset=\"https:\/\/dutyfree.com.tn\/melloula\/wp-content\/uploads\/aviator.jpg 126w, https:\/\/dutyfree.com.tn\/melloula\/wp-content\/uploads\/aviator-90x60.jpg 90w\" sizes=\"(max-width: 126px) 100vw, 126px\" \/><\/p>\n","protected":false},"featured_media":1441,"template":"","meta":{"_themeisle_gutenberg_block_has_review":false},"product_cat":[171,156,164],"product_tag":[],"_links":{"self":[{"href":"https:\/\/dutyfree.com.tn\/melloula\/wp-json\/wp\/v2\/product\/1464"}],"collection":[{"href":"https:\/\/dutyfree.com.tn\/melloula\/wp-json\/wp\/v2\/product"}],"about":[{"href":"https:\/\/dutyfree.com.tn\/melloula\/wp-json\/wp\/v2\/types\/product"}],"wp:featuredmedia":[{"embeddable":true,"href":"https:\/\/dutyfree.com.tn\/melloula\/wp-json\/wp\/v2\/media\/1441"}],"wp:attachment":[{"href":"https:\/\/dutyfree.com.tn\/melloula\/wp-json\/wp\/v2\/media?parent=1464"}],"wp:term":[{"taxonomy":"product_cat","embeddable":true,"href":"https:\/\/dutyfree.com.tn\/melloula\/wp-json\/wp\/v2\/product_cat?post=1464"},{"taxonomy":"product_tag","embeddable":true,"href":"https:\/\/dutyfree.com.tn\/melloula\/wp-json\/wp\/v2\/product_tag?post=1464"}],"curies":[{"name":"wp","href":"https:\/\/api.w.org\/{rel}","templated":true}]}}