{"id":1560,"date":"2024-09-15T22:03:19","date_gmt":"2024-09-15T20:03:19","guid":{"rendered":"https:\/\/dutyfree.com.tn\/melloula\/?post_type=product&#038;p=1560"},"modified":"2025-11-10T08:51:44","modified_gmt":"2025-11-10T07:51:44","slug":"for-her","status":"publish","type":"product","link":"https:\/\/dutyfree.com.tn\/melloula\/produit\/for-her\/","title":{"rendered":"FOR HER ,Eau de Toilette 50 ml"},"content":{"rendered":"<p>\u00ab for her \u00bb, est un parfum hommage, cr\u00e9\u00e9 comme un cadeau aux femmes. Il propose un voyage au c\u0153ur du musc \u00e0 la d\u00e9couverte de ses multiples et subtiles facettes.<\/p>\n","protected":false},"excerpt":{"rendered":"<p>\u00ab for her \u00bb, est un parfum hommage, cr\u00e9\u00e9 comme un cadeau aux femmes. Il propose un voyage au c\u0153ur du musc \u00e0 la d\u00e9couverte de ses multiples et subtiles facettes.<\/p>\n<p><img loading=\"lazy\" decoding=\"async\" class=\"alignnone size-full wp-image-1673\" src=\"https:\/\/dutyfree.com.tn\/melloula\/wp-content\/uploads\/narciso.jpg\" alt=\"\" width=\"284\" height=\"33\" srcset=\"https:\/\/dutyfree.com.tn\/melloula\/wp-content\/uploads\/narciso.jpg 284w, https:\/\/dutyfree.com.tn\/melloula\/wp-content\/uploads\/narciso-280x33.jpg 280w\" sizes=\"(max-width: 284px) 100vw, 284px\" \/><\/p>\n","protected":false},"featured_media":1375,"template":"","meta":{"_themeisle_gutenberg_block_has_review":false},"product_cat":[171,154,162],"product_tag":[],"_links":{"self":[{"href":"https:\/\/dutyfree.com.tn\/melloula\/wp-json\/wp\/v2\/product\/1560"}],"collection":[{"href":"https:\/\/dutyfree.com.tn\/melloula\/wp-json\/wp\/v2\/product"}],"about":[{"href":"https:\/\/dutyfree.com.tn\/melloula\/wp-json\/wp\/v2\/types\/product"}],"wp:featuredmedia":[{"embeddable":true,"href":"https:\/\/dutyfree.com.tn\/melloula\/wp-json\/wp\/v2\/media\/1375"}],"wp:attachment":[{"href":"https:\/\/dutyfree.com.tn\/melloula\/wp-json\/wp\/v2\/media?parent=1560"}],"wp:term":[{"taxonomy":"product_cat","embeddable":true,"href":"https:\/\/dutyfree.com.tn\/melloula\/wp-json\/wp\/v2\/product_cat?post=1560"},{"taxonomy":"product_tag","embeddable":true,"href":"https:\/\/dutyfree.com.tn\/melloula\/wp-json\/wp\/v2\/product_tag?post=1560"}],"curies":[{"name":"wp","href":"https:\/\/api.w.org\/{rel}","templated":true}]}}