{"id":1562,"date":"2024-09-15T22:14:25","date_gmt":"2024-09-15T20:14:25","guid":{"rendered":"https:\/\/dutyfree.com.tn\/melloula\/?post_type=product&#038;p=1562"},"modified":"2025-11-10T09:08:47","modified_gmt":"2025-11-10T08:08:47","slug":"urban-men","status":"publish","type":"product","link":"https:\/\/dutyfree.com.tn\/melloula\/produit\/urban-men\/","title":{"rendered":"URBAN MEN,Eau de Toilette 90 ml"},"content":{"rendered":"<p>\u00ab Urban Men \u00bb est une fragrance bois\u00e9e aux notes fuit\u00e9es et vibrantes qui trace derri\u00e8re elle un envo\u00fbtant sillage doux et \u00e9pic\u00e9.<\/p>\n","protected":false},"excerpt":{"rendered":"<p>\u00ab Urban Men \u00bb est une fragrance bois\u00e9e aux notes fuit\u00e9es et vibrantes qui trace derri\u00e8re elle un envo\u00fbtant sillage doux et \u00e9pic\u00e9.<\/p>\n<p><img loading=\"lazy\" decoding=\"async\" class=\"alignnone size-full wp-image-1692\" src=\"https:\/\/dutyfree.com.tn\/melloula\/wp-content\/uploads\/louis.jpg\" alt=\"\" width=\"188\" height=\"55\" \/><\/p>\n","protected":false},"featured_media":1351,"template":"","meta":{"_themeisle_gutenberg_block_has_review":false},"product_cat":[171,154,161],"product_tag":[],"_links":{"self":[{"href":"https:\/\/dutyfree.com.tn\/melloula\/wp-json\/wp\/v2\/product\/1562"}],"collection":[{"href":"https:\/\/dutyfree.com.tn\/melloula\/wp-json\/wp\/v2\/product"}],"about":[{"href":"https:\/\/dutyfree.com.tn\/melloula\/wp-json\/wp\/v2\/types\/product"}],"wp:featuredmedia":[{"embeddable":true,"href":"https:\/\/dutyfree.com.tn\/melloula\/wp-json\/wp\/v2\/media\/1351"}],"wp:attachment":[{"href":"https:\/\/dutyfree.com.tn\/melloula\/wp-json\/wp\/v2\/media?parent=1562"}],"wp:term":[{"taxonomy":"product_cat","embeddable":true,"href":"https:\/\/dutyfree.com.tn\/melloula\/wp-json\/wp\/v2\/product_cat?post=1562"},{"taxonomy":"product_tag","embeddable":true,"href":"https:\/\/dutyfree.com.tn\/melloula\/wp-json\/wp\/v2\/product_tag?post=1562"}],"curies":[{"name":"wp","href":"https:\/\/api.w.org\/{rel}","templated":true}]}}