{"id":1572,"date":"2024-09-15T23:06:39","date_gmt":"2024-09-15T21:06:39","guid":{"rendered":"https:\/\/dutyfree.com.tn\/melloula\/?post_type=product&#038;p=1572"},"modified":"2025-11-10T15:19:59","modified_gmt":"2025-11-10T14:19:59","slug":"sweet-eau-de-parfum-30-ml","status":"publish","type":"product","link":"https:\/\/dutyfree.com.tn\/melloula\/produit\/sweet-eau-de-parfum-30-ml\/","title":{"rendered":"SWEET , Eau de Parfum 30 ml"},"content":{"rendered":"<p>L\u2019irr\u00e9sistible gourmandise.<br \/>\nL\u2019accord parfait de la cerise et du cacao sur un fond musqu\u00e9<br \/>\nretentit comme un hymne \u00e9vident \u00e0 la f\u00e9minit\u00e9.<\/p>\n","protected":false},"excerpt":{"rendered":"<p>L\u2019irr\u00e9sistible gourmandise.<br \/>\nL\u2019accord parfait de la cerise et du cacao sur un fond musqu\u00e9<br \/>\nretentit comme un hymne \u00e9vident \u00e0 la f\u00e9minit\u00e9.<\/p>\n<p><img loading=\"lazy\" decoding=\"async\" class=\"alignnone size-full wp-image-1787\" src=\"https:\/\/dutyfree.com.tn\/melloula\/wp-content\/uploads\/lolita-1.jpg\" alt=\"\" width=\"165\" height=\"75\" srcset=\"https:\/\/dutyfree.com.tn\/melloula\/wp-content\/uploads\/lolita-1.jpg 165w, https:\/\/dutyfree.com.tn\/melloula\/wp-content\/uploads\/lolita-1-132x60.jpg 132w\" sizes=\"(max-width: 165px) 100vw, 165px\" \/><\/p>\n","protected":false},"featured_media":1421,"template":"","meta":{"_themeisle_gutenberg_block_has_review":false},"product_cat":[171,154,162],"product_tag":[],"_links":{"self":[{"href":"https:\/\/dutyfree.com.tn\/melloula\/wp-json\/wp\/v2\/product\/1572"}],"collection":[{"href":"https:\/\/dutyfree.com.tn\/melloula\/wp-json\/wp\/v2\/product"}],"about":[{"href":"https:\/\/dutyfree.com.tn\/melloula\/wp-json\/wp\/v2\/types\/product"}],"wp:featuredmedia":[{"embeddable":true,"href":"https:\/\/dutyfree.com.tn\/melloula\/wp-json\/wp\/v2\/media\/1421"}],"wp:attachment":[{"href":"https:\/\/dutyfree.com.tn\/melloula\/wp-json\/wp\/v2\/media?parent=1572"}],"wp:term":[{"taxonomy":"product_cat","embeddable":true,"href":"https:\/\/dutyfree.com.tn\/melloula\/wp-json\/wp\/v2\/product_cat?post=1572"},{"taxonomy":"product_tag","embeddable":true,"href":"https:\/\/dutyfree.com.tn\/melloula\/wp-json\/wp\/v2\/product_tag?post=1572"}],"curies":[{"name":"wp","href":"https:\/\/api.w.org\/{rel}","templated":true}]}}