{"id":1574,"date":"2024-09-15T23:32:17","date_gmt":"2024-09-15T21:32:17","guid":{"rendered":"https:\/\/dutyfree.com.tn\/melloula\/?post_type=product&#038;p=1574"},"modified":"2025-11-10T09:13:31","modified_gmt":"2025-11-10T08:13:31","slug":"azzaro-pour-homme-eau-de-toilette-100-ml","status":"publish","type":"product","link":"https:\/\/dutyfree.com.tn\/melloula\/produit\/azzaro-pour-homme-eau-de-toilette-100-ml\/","title":{"rendered":"AZZARO POUR HOMME , Eau de Toilette 100 ml"},"content":{"rendered":"<p>De l\u2019\u00e9l\u00e9gance et le raffinement italiens, ce parfum allie sensualit\u00e9 naturelle et \u00e9l\u00e9gance inn\u00e9e, pour des hommes \u00e0 la virilit\u00e9 intemporelle et charismatique.<\/p>\n","protected":false},"excerpt":{"rendered":"<p>De l\u2019\u00e9l\u00e9gance et le raffinement italiens, ce parfum allie sensualit\u00e9 naturelle et \u00e9l\u00e9gance inn\u00e9e, pour des hommes \u00e0 la virilit\u00e9 intemporelle et charismatique.<\/p>\n<p><img loading=\"lazy\" decoding=\"async\" class=\"alignnone size-full wp-image-1672\" src=\"https:\/\/dutyfree.com.tn\/melloula\/wp-content\/uploads\/azzaro.jpg\" alt=\"\" width=\"185\" height=\"46\" \/><\/p>\n<p>&nbsp;<\/p>\n","protected":false},"featured_media":1359,"template":"","meta":{"_themeisle_gutenberg_block_has_review":false},"product_cat":[171,154,161],"product_tag":[],"_links":{"self":[{"href":"https:\/\/dutyfree.com.tn\/melloula\/wp-json\/wp\/v2\/product\/1574"}],"collection":[{"href":"https:\/\/dutyfree.com.tn\/melloula\/wp-json\/wp\/v2\/product"}],"about":[{"href":"https:\/\/dutyfree.com.tn\/melloula\/wp-json\/wp\/v2\/types\/product"}],"wp:featuredmedia":[{"embeddable":true,"href":"https:\/\/dutyfree.com.tn\/melloula\/wp-json\/wp\/v2\/media\/1359"}],"wp:attachment":[{"href":"https:\/\/dutyfree.com.tn\/melloula\/wp-json\/wp\/v2\/media?parent=1574"}],"wp:term":[{"taxonomy":"product_cat","embeddable":true,"href":"https:\/\/dutyfree.com.tn\/melloula\/wp-json\/wp\/v2\/product_cat?post=1574"},{"taxonomy":"product_tag","embeddable":true,"href":"https:\/\/dutyfree.com.tn\/melloula\/wp-json\/wp\/v2\/product_tag?post=1574"}],"curies":[{"name":"wp","href":"https:\/\/api.w.org\/{rel}","templated":true}]}}