{"id":1584,"date":"2024-09-16T10:59:37","date_gmt":"2024-09-16T08:59:37","guid":{"rendered":"https:\/\/dutyfree.com.tn\/melloula\/?post_type=product&#038;p=1584"},"modified":"2025-11-10T09:10:43","modified_gmt":"2025-11-10T08:10:43","slug":"harmony-extreme-eau-de-parfum-100-ml","status":"publish","type":"product","link":"https:\/\/dutyfree.com.tn\/melloula\/produit\/harmony-extreme-eau-de-parfum-100-ml\/","title":{"rendered":"HARMONY EXTREME , Eau de Parfum 100 ml"},"content":{"rendered":"<p>\u00ab Harmony Extreme \u00bb s\u2019articule autour de notes bois\u00e9es sensuelles avec des notes de rose et de muscade, un accord doux et \u00e9pic\u00e9 de vanille et cannelle en coeur, et des facettes chaudes de musc, tabac, et bois de santal en fond.<\/p>\n","protected":false},"excerpt":{"rendered":"<p>\u00ab Harmony Extreme \u00bb s\u2019articule autour de notes bois\u00e9es sensuelles avec des notes de rose et de muscade, un accord doux et \u00e9pic\u00e9 de vanille et cannelle en coeur, et des facettes chaudes de musc, tabac, et bois de santal en fond.<\/p>\n<p><img loading=\"lazy\" decoding=\"async\" class=\"alignnone size-full wp-image-1678\" src=\"https:\/\/dutyfree.com.tn\/melloula\/wp-content\/uploads\/marco.jpg\" alt=\"\" width=\"226\" height=\"53\" \/><\/p>\n","protected":false},"featured_media":1380,"template":"","meta":{"_themeisle_gutenberg_block_has_review":false},"product_cat":[171,154,162,161],"product_tag":[],"_links":{"self":[{"href":"https:\/\/dutyfree.com.tn\/melloula\/wp-json\/wp\/v2\/product\/1584"}],"collection":[{"href":"https:\/\/dutyfree.com.tn\/melloula\/wp-json\/wp\/v2\/product"}],"about":[{"href":"https:\/\/dutyfree.com.tn\/melloula\/wp-json\/wp\/v2\/types\/product"}],"wp:featuredmedia":[{"embeddable":true,"href":"https:\/\/dutyfree.com.tn\/melloula\/wp-json\/wp\/v2\/media\/1380"}],"wp:attachment":[{"href":"https:\/\/dutyfree.com.tn\/melloula\/wp-json\/wp\/v2\/media?parent=1584"}],"wp:term":[{"taxonomy":"product_cat","embeddable":true,"href":"https:\/\/dutyfree.com.tn\/melloula\/wp-json\/wp\/v2\/product_cat?post=1584"},{"taxonomy":"product_tag","embeddable":true,"href":"https:\/\/dutyfree.com.tn\/melloula\/wp-json\/wp\/v2\/product_tag?post=1584"}],"curies":[{"name":"wp","href":"https:\/\/api.w.org\/{rel}","templated":true}]}}