{"id":1194,"date":"2024-09-12T18:39:03","date_gmt":"2024-09-12T16:39:03","guid":{"rendered":"https:\/\/dutyfree.com.tn\/port-des-croisieristes\/?post_type=product&#038;p=1194"},"modified":"2025-01-16T11:31:47","modified_gmt":"2025-01-16T10:31:47","slug":"egyptian-cream-75ml","status":"publish","type":"product","link":"https:\/\/dutyfree.com.tn\/port-des-croisieristes\/produit\/egyptian-cream-75ml\/","title":{"rendered":"EGYPTIAN CREAM 75ML"},"content":{"rendered":"","protected":false},"excerpt":{"rendered":"<p>Ce soin multi usages allie six puissants ingr\u00e9dients naturels<br \/>\nhydratants et r\u00e9g\u00e9n\u00e9rants.S\u2019utilise comme hydratant<br \/>\nvisage, mains, yeux,soin capillaire, baume \u00e0 l\u00e8vres, et limite<br \/>\nles probl\u00e8mes de peau.<\/p>\n<p><img loading=\"lazy\" decoding=\"async\" class=\"alignnone size-full wp-image-1745\" src=\"https:\/\/dutyfree.com.tn\/maritime\/wp-content\/uploads\/egyptian.jpg\" alt=\"\" width=\"233\" height=\"79\" \/><\/p>\n","protected":false},"featured_media":1172,"template":"","meta":{"_themeisle_gutenberg_block_has_review":false},"product_cat":[171,155],"product_tag":[],"_links":{"self":[{"href":"https:\/\/dutyfree.com.tn\/port-des-croisieristes\/wp-json\/wp\/v2\/product\/1194"}],"collection":[{"href":"https:\/\/dutyfree.com.tn\/port-des-croisieristes\/wp-json\/wp\/v2\/product"}],"about":[{"href":"https:\/\/dutyfree.com.tn\/port-des-croisieristes\/wp-json\/wp\/v2\/types\/product"}],"wp:featuredmedia":[{"embeddable":true,"href":"https:\/\/dutyfree.com.tn\/port-des-croisieristes\/wp-json\/wp\/v2\/media\/1172"}],"wp:attachment":[{"href":"https:\/\/dutyfree.com.tn\/port-des-croisieristes\/wp-json\/wp\/v2\/media?parent=1194"}],"wp:term":[{"taxonomy":"product_cat","embeddable":true,"href":"https:\/\/dutyfree.com.tn\/port-des-croisieristes\/wp-json\/wp\/v2\/product_cat?post=1194"},{"taxonomy":"product_tag","embeddable":true,"href":"https:\/\/dutyfree.com.tn\/port-des-croisieristes\/wp-json\/wp\/v2\/product_tag?post=1194"}],"curies":[{"name":"wp","href":"https:\/\/api.w.org\/{rel}","templated":true}]}}