{"id":1424,"date":"2024-09-14T12:26:09","date_gmt":"2024-09-14T10:26:09","guid":{"rendered":"https:\/\/dutyfree.com.tn\/port-des-croisieristes\/?post_type=product&#038;p=1424"},"modified":"2025-11-07T14:17:35","modified_gmt":"2025-11-07T13:17:35","slug":"idole-2","status":"publish","type":"product","link":"https:\/\/dutyfree.com.tn\/port-des-croisieristes\/produit\/idole-2\/","title":{"rendered":"ID\u00d4LE , Eau de Parfum 50 ml Rechargeable \/ Refillable"},"content":{"rendered":"<p>\u00ab Id\u00f4le\u00bb, le parfum floral &amp; lumineux d\u2019une femme g\u00e9n\u00e9reuse &amp; engag\u00e9e. Rose radicale, Jasmin impeccable &amp; clean chypre.<\/p>\n","protected":false},"excerpt":{"rendered":"<p>\u00ab Id\u00f4le\u00bb, le parfum floral &amp; lumineux d\u2019une femme g\u00e9n\u00e9reuse &amp; engag\u00e9e. Rose radicale, Jasmin impeccable &amp; clean chypre.<\/p>\n<p><img loading=\"lazy\" decoding=\"async\" class=\"alignnone size-full wp-image-1652\" src=\"https:\/\/dutyfree.com.tn\/maritime\/maritime\/wp-content\/uploads\/LANCOME.jpg\" alt=\"\" width=\"220\" height=\"63\" srcset=\"https:\/\/dutyfree.com.tn\/port-des-croisieristes\/wp-content\/uploads\/LANCOME.jpg 220w, https:\/\/dutyfree.com.tn\/port-des-croisieristes\/wp-content\/uploads\/LANCOME-210x60.jpg 210w\" sizes=\"(max-width: 220px) 100vw, 220px\" \/><\/p>\n<p>&nbsp;<\/p>\n","protected":false},"featured_media":1383,"template":"","meta":{"_themeisle_gutenberg_block_has_review":false},"product_cat":[171,154,162],"product_tag":[],"_links":{"self":[{"href":"https:\/\/dutyfree.com.tn\/port-des-croisieristes\/wp-json\/wp\/v2\/product\/1424"}],"collection":[{"href":"https:\/\/dutyfree.com.tn\/port-des-croisieristes\/wp-json\/wp\/v2\/product"}],"about":[{"href":"https:\/\/dutyfree.com.tn\/port-des-croisieristes\/wp-json\/wp\/v2\/types\/product"}],"wp:featuredmedia":[{"embeddable":true,"href":"https:\/\/dutyfree.com.tn\/port-des-croisieristes\/wp-json\/wp\/v2\/media\/1383"}],"wp:attachment":[{"href":"https:\/\/dutyfree.com.tn\/port-des-croisieristes\/wp-json\/wp\/v2\/media?parent=1424"}],"wp:term":[{"taxonomy":"product_cat","embeddable":true,"href":"https:\/\/dutyfree.com.tn\/port-des-croisieristes\/wp-json\/wp\/v2\/product_cat?post=1424"},{"taxonomy":"product_tag","embeddable":true,"href":"https:\/\/dutyfree.com.tn\/port-des-croisieristes\/wp-json\/wp\/v2\/product_tag?post=1424"}],"curies":[{"name":"wp","href":"https:\/\/api.w.org\/{rel}","templated":true}]}}