{"id":1425,"date":"2024-09-14T12:28:23","date_gmt":"2024-09-14T10:28:23","guid":{"rendered":"https:\/\/dutyfree.com.tn\/port-des-croisieristes\/?post_type=product&#038;p=1425"},"modified":"2025-11-07T14:18:45","modified_gmt":"2025-11-07T13:18:45","slug":"la-vie-est-belle-iris-absolu","status":"publish","type":"product","link":"https:\/\/dutyfree.com.tn\/port-des-croisieristes\/produit\/la-vie-est-belle-iris-absolu\/","title":{"rendered":"LA VIE EST BELLE IRIS ABSOLU , Eau de Parfum  50 ml"},"content":{"rendered":"<p>Le flacon iconique de La Vie est Belle, r\u00e9invent\u00e9 avec un \u00abSourire de cristal\u00bb \u00e9ternel, encapsule une nouvelle intensit\u00e9 d\u2019Iris. Facette verte fruit\u00e9e p\u00e9tillante, m\u00ealant iris et figue avec un sillage gourmand.<\/p>\n","protected":false},"excerpt":{"rendered":"<p>Le flacon iconique de La Vie est Belle, r\u00e9invent\u00e9 avec un \u00abSourire de cristal\u00bb \u00e9ternel, encapsule une nouvelle intensit\u00e9 d\u2019Iris. Facette verte fruit\u00e9e p\u00e9tillante, m\u00ealant iris et figue avec un sillage gourmand.<\/p>\n<p><img loading=\"lazy\" decoding=\"async\" class=\"alignnone size-full wp-image-1652\" src=\"https:\/\/dutyfree.com.tn\/maritime\/maritime\/wp-content\/uploads\/LANCOME.jpg\" alt=\"\" width=\"220\" height=\"63\" srcset=\"https:\/\/dutyfree.com.tn\/port-des-croisieristes\/wp-content\/uploads\/LANCOME.jpg 220w, https:\/\/dutyfree.com.tn\/port-des-croisieristes\/wp-content\/uploads\/LANCOME-210x60.jpg 210w\" sizes=\"(max-width: 220px) 100vw, 220px\" \/><\/p>\n","protected":false},"featured_media":1398,"template":"","meta":{"_themeisle_gutenberg_block_has_review":false},"product_cat":[171,154,162],"product_tag":[],"_links":{"self":[{"href":"https:\/\/dutyfree.com.tn\/port-des-croisieristes\/wp-json\/wp\/v2\/product\/1425"}],"collection":[{"href":"https:\/\/dutyfree.com.tn\/port-des-croisieristes\/wp-json\/wp\/v2\/product"}],"about":[{"href":"https:\/\/dutyfree.com.tn\/port-des-croisieristes\/wp-json\/wp\/v2\/types\/product"}],"wp:featuredmedia":[{"embeddable":true,"href":"https:\/\/dutyfree.com.tn\/port-des-croisieristes\/wp-json\/wp\/v2\/media\/1398"}],"wp:attachment":[{"href":"https:\/\/dutyfree.com.tn\/port-des-croisieristes\/wp-json\/wp\/v2\/media?parent=1425"}],"wp:term":[{"taxonomy":"product_cat","embeddable":true,"href":"https:\/\/dutyfree.com.tn\/port-des-croisieristes\/wp-json\/wp\/v2\/product_cat?post=1425"},{"taxonomy":"product_tag","embeddable":true,"href":"https:\/\/dutyfree.com.tn\/port-des-croisieristes\/wp-json\/wp\/v2\/product_tag?post=1425"}],"curies":[{"name":"wp","href":"https:\/\/api.w.org\/{rel}","templated":true}]}}