{"id":1433,"date":"2024-09-14T13:34:09","date_gmt":"2024-09-14T11:34:09","guid":{"rendered":"https:\/\/dutyfree.com.tn\/port-des-croisieristes\/?post_type=product&#038;p=1433"},"modified":"2025-11-07T14:16:45","modified_gmt":"2025-11-07T13:16:45","slug":"si-2","status":"publish","type":"product","link":"https:\/\/dutyfree.com.tn\/port-des-croisieristes\/produit\/si-2\/","title":{"rendered":"S\u00cc , Eau de Parfum 50 ml"},"content":{"rendered":"<p>\u00abS\u00ec\u00bb Eau de Parfum, une ode \u00e0 la f\u00e9minit\u00e9. Ce chypr\u00e9 fruit\u00e9 et sensuel d\u00e9voile une femme forte et passionn\u00e9e.<\/p>\n","protected":false},"excerpt":{"rendered":"<p>\u00abS\u00ec\u00bb Eau de Parfum, une ode \u00e0 la f\u00e9minit\u00e9. Ce chypr\u00e9 fruit\u00e9 et sensuel d\u00e9voile une femme forte et passionn\u00e9e.<\/p>\n<p><img loading=\"lazy\" decoding=\"async\" class=\"alignnone size-full wp-image-1668\" src=\"https:\/\/dutyfree.com.tn\/maritime\/maritime\/wp-content\/uploads\/GIORGIO.jpg\" alt=\"\" width=\"215\" height=\"40\" \/><\/p>\n","protected":false},"featured_media":1418,"template":"","meta":{"_themeisle_gutenberg_block_has_review":false},"product_cat":[171,154,162],"product_tag":[],"_links":{"self":[{"href":"https:\/\/dutyfree.com.tn\/port-des-croisieristes\/wp-json\/wp\/v2\/product\/1433"}],"collection":[{"href":"https:\/\/dutyfree.com.tn\/port-des-croisieristes\/wp-json\/wp\/v2\/product"}],"about":[{"href":"https:\/\/dutyfree.com.tn\/port-des-croisieristes\/wp-json\/wp\/v2\/types\/product"}],"wp:featuredmedia":[{"embeddable":true,"href":"https:\/\/dutyfree.com.tn\/port-des-croisieristes\/wp-json\/wp\/v2\/media\/1418"}],"wp:attachment":[{"href":"https:\/\/dutyfree.com.tn\/port-des-croisieristes\/wp-json\/wp\/v2\/media?parent=1433"}],"wp:term":[{"taxonomy":"product_cat","embeddable":true,"href":"https:\/\/dutyfree.com.tn\/port-des-croisieristes\/wp-json\/wp\/v2\/product_cat?post=1433"},{"taxonomy":"product_tag","embeddable":true,"href":"https:\/\/dutyfree.com.tn\/port-des-croisieristes\/wp-json\/wp\/v2\/product_tag?post=1433"}],"curies":[{"name":"wp","href":"https:\/\/api.w.org\/{rel}","templated":true}]}}