{"id":1434,"date":"2024-09-14T13:35:29","date_gmt":"2024-09-14T11:35:29","guid":{"rendered":"https:\/\/dutyfree.com.tn\/port-des-croisieristes\/?post_type=product&#038;p=1434"},"modified":"2025-11-07T14:17:06","modified_gmt":"2025-11-07T13:17:06","slug":"si-passione-2","status":"publish","type":"product","link":"https:\/\/dutyfree.com.tn\/port-des-croisieristes\/produit\/si-passione-2\/","title":{"rendered":"S\u00cc PASSIONE , Eau de Parfum 50 ml"},"content":{"rendered":"<p>\u00abS\u00ec Passione\u00bb, le parfum de Giorgio Armani, lib\u00e8re la passion de la femme S\u00ec, ind\u00e9pendante, f\u00e9minine et libre.<\/p>\n","protected":false},"excerpt":{"rendered":"<p>\u00abS\u00ec Passione\u00bb, le parfum de Giorgio Armani, lib\u00e8re la passion de la femme S\u00ec, ind\u00e9pendante, f\u00e9minine et libre.<\/p>\n<p><img loading=\"lazy\" decoding=\"async\" class=\"alignnone size-full wp-image-1668\" src=\"https:\/\/dutyfree.com.tn\/maritime\/maritime\/wp-content\/uploads\/GIORGIO.jpg\" alt=\"\" width=\"215\" height=\"40\" \/><\/p>\n","protected":false},"featured_media":1420,"template":"","meta":{"_themeisle_gutenberg_block_has_review":false},"product_cat":[171,154,162],"product_tag":[],"_links":{"self":[{"href":"https:\/\/dutyfree.com.tn\/port-des-croisieristes\/wp-json\/wp\/v2\/product\/1434"}],"collection":[{"href":"https:\/\/dutyfree.com.tn\/port-des-croisieristes\/wp-json\/wp\/v2\/product"}],"about":[{"href":"https:\/\/dutyfree.com.tn\/port-des-croisieristes\/wp-json\/wp\/v2\/types\/product"}],"wp:featuredmedia":[{"embeddable":true,"href":"https:\/\/dutyfree.com.tn\/port-des-croisieristes\/wp-json\/wp\/v2\/media\/1420"}],"wp:attachment":[{"href":"https:\/\/dutyfree.com.tn\/port-des-croisieristes\/wp-json\/wp\/v2\/media?parent=1434"}],"wp:term":[{"taxonomy":"product_cat","embeddable":true,"href":"https:\/\/dutyfree.com.tn\/port-des-croisieristes\/wp-json\/wp\/v2\/product_cat?post=1434"},{"taxonomy":"product_tag","embeddable":true,"href":"https:\/\/dutyfree.com.tn\/port-des-croisieristes\/wp-json\/wp\/v2\/product_tag?post=1434"}],"curies":[{"name":"wp","href":"https:\/\/api.w.org\/{rel}","templated":true}]}}