{"id":1435,"date":"2024-09-14T16:08:20","date_gmt":"2024-09-14T14:08:20","guid":{"rendered":"https:\/\/dutyfree.com.tn\/port-des-croisieristes\/?post_type=product&#038;p=1435"},"modified":"2025-01-16T11:23:53","modified_gmt":"2025-01-16T10:23:53","slug":"royal-bijou-24k-gold-plated-jewelry-set","status":"publish","type":"product","link":"https:\/\/dutyfree.com.tn\/port-des-croisieristes\/produit\/royal-bijou-24k-gold-plated-jewelry-set\/","title":{"rendered":"ROYAL BIJOU 24K GOLD PLATED JEWELRY SET"},"content":{"rendered":"","protected":false},"excerpt":{"rendered":"<p>Un \u00e9tincelant pendentif parsem\u00e9 de cristaux CZ suspendu<br \/>\n\u00e0 une cha\u00eene en plaqu\u00e9 or 24 carats. Ce pendentif est<br \/>\ncompl\u00e9t\u00e9 par une \u00e9l\u00e9gante paire de boucles d\u2019oreilles<\/p>\n<p><img loading=\"lazy\" decoding=\"async\" class=\"alignnone size-full wp-image-1744\" src=\"https:\/\/dutyfree.com.tn\/maritime\/wp-content\/uploads\/fierro.jpg\" alt=\"\" width=\"172\" height=\"69\" \/><\/p>\n","protected":false},"featured_media":1449,"template":"","meta":{"_themeisle_gutenberg_block_has_review":false},"product_cat":[171,156,163],"product_tag":[],"_links":{"self":[{"href":"https:\/\/dutyfree.com.tn\/port-des-croisieristes\/wp-json\/wp\/v2\/product\/1435"}],"collection":[{"href":"https:\/\/dutyfree.com.tn\/port-des-croisieristes\/wp-json\/wp\/v2\/product"}],"about":[{"href":"https:\/\/dutyfree.com.tn\/port-des-croisieristes\/wp-json\/wp\/v2\/types\/product"}],"wp:featuredmedia":[{"embeddable":true,"href":"https:\/\/dutyfree.com.tn\/port-des-croisieristes\/wp-json\/wp\/v2\/media\/1449"}],"wp:attachment":[{"href":"https:\/\/dutyfree.com.tn\/port-des-croisieristes\/wp-json\/wp\/v2\/media?parent=1435"}],"wp:term":[{"taxonomy":"product_cat","embeddable":true,"href":"https:\/\/dutyfree.com.tn\/port-des-croisieristes\/wp-json\/wp\/v2\/product_cat?post=1435"},{"taxonomy":"product_tag","embeddable":true,"href":"https:\/\/dutyfree.com.tn\/port-des-croisieristes\/wp-json\/wp\/v2\/product_tag?post=1435"}],"curies":[{"name":"wp","href":"https:\/\/api.w.org\/{rel}","templated":true}]}}