{"id":1554,"date":"2024-09-15T21:10:57","date_gmt":"2024-09-15T19:10:57","guid":{"rendered":"https:\/\/dutyfree.com.tn\/port-des-croisieristes\/?post_type=product&#038;p=1554"},"modified":"2025-11-07T14:48:36","modified_gmt":"2025-11-07T13:48:36","slug":"royal-rose-morocco-luxury-eau-de-parfum-100ml","status":"publish","type":"product","link":"https:\/\/dutyfree.com.tn\/port-des-croisieristes\/produit\/royal-rose-morocco-luxury-eau-de-parfum-100ml\/","title":{"rendered":"ROYAL ROSE MOROCCO ,  Luxury Eau de Parfum 100ml"},"content":{"rendered":"<p>Ce parfum de \u00ab Grand Luxe \u00bb est compos\u00e9 d\u2019une essence de Rose rare et unique, associ\u00e9e \u00e0 la richesse du bois envo\u00fbtant.<\/p>\n","protected":false},"excerpt":{"rendered":"<p>Ce parfum de \u00ab Grand Luxe \u00bb est compos\u00e9 d\u2019une essence de Rose rare et unique, associ\u00e9e \u00e0 la richesse du bois envo\u00fbtant.<\/p>\n<p><img loading=\"lazy\" decoding=\"async\" class=\"alignnone size-full wp-image-1677\" src=\"https:\/\/dutyfree.com.tn\/maritime\/maritime\/wp-content\/uploads\/chkoudra.jpg\" alt=\"\" width=\"165\" height=\"88\" srcset=\"https:\/\/dutyfree.com.tn\/port-des-croisieristes\/wp-content\/uploads\/chkoudra.jpg 165w, https:\/\/dutyfree.com.tn\/port-des-croisieristes\/wp-content\/uploads\/chkoudra-113x60.jpg 113w\" sizes=\"(max-width: 165px) 100vw, 165px\" \/><\/p>\n","protected":false},"featured_media":1372,"template":"","meta":{"_themeisle_gutenberg_block_has_review":false},"product_cat":[171,154,162],"product_tag":[],"_links":{"self":[{"href":"https:\/\/dutyfree.com.tn\/port-des-croisieristes\/wp-json\/wp\/v2\/product\/1554"}],"collection":[{"href":"https:\/\/dutyfree.com.tn\/port-des-croisieristes\/wp-json\/wp\/v2\/product"}],"about":[{"href":"https:\/\/dutyfree.com.tn\/port-des-croisieristes\/wp-json\/wp\/v2\/types\/product"}],"wp:featuredmedia":[{"embeddable":true,"href":"https:\/\/dutyfree.com.tn\/port-des-croisieristes\/wp-json\/wp\/v2\/media\/1372"}],"wp:attachment":[{"href":"https:\/\/dutyfree.com.tn\/port-des-croisieristes\/wp-json\/wp\/v2\/media?parent=1554"}],"wp:term":[{"taxonomy":"product_cat","embeddable":true,"href":"https:\/\/dutyfree.com.tn\/port-des-croisieristes\/wp-json\/wp\/v2\/product_cat?post=1554"},{"taxonomy":"product_tag","embeddable":true,"href":"https:\/\/dutyfree.com.tn\/port-des-croisieristes\/wp-json\/wp\/v2\/product_tag?post=1554"}],"curies":[{"name":"wp","href":"https:\/\/api.w.org\/{rel}","templated":true}]}}