{"id":1555,"date":"2024-09-15T21:12:39","date_gmt":"2024-09-15T19:12:39","guid":{"rendered":"https:\/\/dutyfree.com.tn\/port-des-croisieristes\/?post_type=product&#038;p=1555"},"modified":"2025-11-07T14:48:17","modified_gmt":"2025-11-07T13:48:17","slug":"supreme-musk-elixir-luxury-eau-de-parfum-100ml","status":"publish","type":"product","link":"https:\/\/dutyfree.com.tn\/port-des-croisieristes\/produit\/supreme-musk-elixir-luxury-eau-de-parfum-100ml\/","title":{"rendered":"SUPREME MUSK ELIXIR , Luxury Eau de Parfum 100ml"},"content":{"rendered":"<p>\u00ab SUPREME MUSK ELIXIR \u00bb, Ce parfum de \u00ab Grand luxe \u00bb s\u2019ouvre sur une note de Bergamote fra\u00eeche et d\u00e9licieusement poudr\u00e9e, puis se sublime sur un fond floral de rose noble et d\u2019Ambre. Le Musc, au c\u0153ur de son identit\u00e9, lui donne tout son caract\u00e8re, d\u00e9licat et addictif.<\/p>\n","protected":false},"excerpt":{"rendered":"<p>\u00ab SUPREME MUSK ELIXIR \u00bb, Ce parfum de \u00ab Grand luxe \u00bb s\u2019ouvre sur une note de Bergamote fra\u00eeche et d\u00e9licieusement poudr\u00e9e, puis se sublime sur un fond floral de rose noble et d\u2019Ambre. Le Musc, au c\u0153ur de son identit\u00e9, lui donne tout son caract\u00e8re, d\u00e9licat et addictif.<\/p>\n<p><img loading=\"lazy\" decoding=\"async\" class=\"alignnone size-full wp-image-1677\" src=\"https:\/\/dutyfree.com.tn\/maritime\/maritime\/wp-content\/uploads\/chkoudra.jpg\" alt=\"\" width=\"165\" height=\"88\" srcset=\"https:\/\/dutyfree.com.tn\/port-des-croisieristes\/wp-content\/uploads\/chkoudra.jpg 165w, https:\/\/dutyfree.com.tn\/port-des-croisieristes\/wp-content\/uploads\/chkoudra-113x60.jpg 113w\" sizes=\"(max-width: 165px) 100vw, 165px\" \/><\/p>\n","protected":false},"featured_media":1372,"template":"","meta":{"_themeisle_gutenberg_block_has_review":false},"product_cat":[171,154,162],"product_tag":[],"_links":{"self":[{"href":"https:\/\/dutyfree.com.tn\/port-des-croisieristes\/wp-json\/wp\/v2\/product\/1555"}],"collection":[{"href":"https:\/\/dutyfree.com.tn\/port-des-croisieristes\/wp-json\/wp\/v2\/product"}],"about":[{"href":"https:\/\/dutyfree.com.tn\/port-des-croisieristes\/wp-json\/wp\/v2\/types\/product"}],"wp:featuredmedia":[{"embeddable":true,"href":"https:\/\/dutyfree.com.tn\/port-des-croisieristes\/wp-json\/wp\/v2\/media\/1372"}],"wp:attachment":[{"href":"https:\/\/dutyfree.com.tn\/port-des-croisieristes\/wp-json\/wp\/v2\/media?parent=1555"}],"wp:term":[{"taxonomy":"product_cat","embeddable":true,"href":"https:\/\/dutyfree.com.tn\/port-des-croisieristes\/wp-json\/wp\/v2\/product_cat?post=1555"},{"taxonomy":"product_tag","embeddable":true,"href":"https:\/\/dutyfree.com.tn\/port-des-croisieristes\/wp-json\/wp\/v2\/product_tag?post=1555"}],"curies":[{"name":"wp","href":"https:\/\/api.w.org\/{rel}","templated":true}]}}