{"id":1556,"date":"2024-09-15T21:14:29","date_gmt":"2024-09-15T19:14:29","guid":{"rendered":"https:\/\/dutyfree.com.tn\/port-des-croisieristes\/?post_type=product&#038;p=1556"},"modified":"2025-11-07T14:48:57","modified_gmt":"2025-11-07T13:48:57","slug":"royal-azzura-intense-luxury-eau-de-parfum-100ml","status":"publish","type":"product","link":"https:\/\/dutyfree.com.tn\/port-des-croisieristes\/produit\/royal-azzura-intense-luxury-eau-de-parfum-100ml\/","title":{"rendered":"ROYAL AZZURA INTENSE , Luxury Eau de Parfum 100ml"},"content":{"rendered":"<p>Ce parfum de \u00ab Grand Luxe \u00bb se compose de cassis doux et sucr\u00e9 m\u00e9lang\u00e9 \u00e0 la richesse de la bergamote royale et du bois de santal.<\/p>\n","protected":false},"excerpt":{"rendered":"<p>Ce parfum de \u00ab Grand Luxe \u00bb se compose de cassis doux et sucr\u00e9 m\u00e9lang\u00e9 \u00e0 la richesse de la bergamote royale et du bois de santal.<\/p>\n<p><img loading=\"lazy\" decoding=\"async\" class=\"alignnone size-full wp-image-1677\" src=\"https:\/\/dutyfree.com.tn\/maritime\/maritime\/wp-content\/uploads\/chkoudra.jpg\" alt=\"\" width=\"165\" height=\"88\" srcset=\"https:\/\/dutyfree.com.tn\/port-des-croisieristes\/wp-content\/uploads\/chkoudra.jpg 165w, https:\/\/dutyfree.com.tn\/port-des-croisieristes\/wp-content\/uploads\/chkoudra-113x60.jpg 113w\" sizes=\"(max-width: 165px) 100vw, 165px\" \/><\/p>\n","protected":false},"featured_media":1361,"template":"","meta":{"_themeisle_gutenberg_block_has_review":false},"product_cat":[171,154,162],"product_tag":[],"_links":{"self":[{"href":"https:\/\/dutyfree.com.tn\/port-des-croisieristes\/wp-json\/wp\/v2\/product\/1556"}],"collection":[{"href":"https:\/\/dutyfree.com.tn\/port-des-croisieristes\/wp-json\/wp\/v2\/product"}],"about":[{"href":"https:\/\/dutyfree.com.tn\/port-des-croisieristes\/wp-json\/wp\/v2\/types\/product"}],"wp:featuredmedia":[{"embeddable":true,"href":"https:\/\/dutyfree.com.tn\/port-des-croisieristes\/wp-json\/wp\/v2\/media\/1361"}],"wp:attachment":[{"href":"https:\/\/dutyfree.com.tn\/port-des-croisieristes\/wp-json\/wp\/v2\/media?parent=1556"}],"wp:term":[{"taxonomy":"product_cat","embeddable":true,"href":"https:\/\/dutyfree.com.tn\/port-des-croisieristes\/wp-json\/wp\/v2\/product_cat?post=1556"},{"taxonomy":"product_tag","embeddable":true,"href":"https:\/\/dutyfree.com.tn\/port-des-croisieristes\/wp-json\/wp\/v2\/product_tag?post=1556"}],"curies":[{"name":"wp","href":"https:\/\/api.w.org\/{rel}","templated":true}]}}