{"id":1557,"date":"2024-09-15T21:57:16","date_gmt":"2024-09-15T19:57:16","guid":{"rendered":"https:\/\/dutyfree.com.tn\/port-des-croisieristes\/?post_type=product&#038;p=1557"},"modified":"2025-11-07T14:43:00","modified_gmt":"2025-11-07T13:43:00","slug":"rose-du-liban-luxury-eau-de-parfum-100ml","status":"publish","type":"product","link":"https:\/\/dutyfree.com.tn\/port-des-croisieristes\/produit\/rose-du-liban-luxury-eau-de-parfum-100ml\/","title":{"rendered":"ROSE DU LIBAN ,  Luxury Eau de Parfum 100ml"},"content":{"rendered":"<p>\u00ab ROSE DU LIBAN \u00bb c\u00e9l\u00e8bre la Reine et le Roi des Roses : La Rose Centifolia. Le G\u00e9ranium Royal rehausse la note de t\u00eate, laissant un sillage fleuri, tandis que le Musc Royal ajoute une touche distinctive. Une expression de Grandeur et de Singularit\u00e9.<\/p>\n","protected":false},"excerpt":{"rendered":"<p>\u00ab ROSE DU LIBAN \u00bb c\u00e9l\u00e8bre la Reine et le Roi des Roses : La Rose Centifolia. Le G\u00e9ranium Royal rehausse la note de t\u00eate, laissant un sillage fleuri, tandis que le Musc Royal ajoute une touche distinctive. Une expression de Grandeur et de Singularit\u00e9.<\/p>\n<p><img loading=\"lazy\" decoding=\"async\" class=\"alignnone size-full wp-image-1677\" src=\"https:\/\/dutyfree.com.tn\/maritime\/maritime\/wp-content\/uploads\/chkoudra.jpg\" alt=\"\" width=\"165\" height=\"88\" srcset=\"https:\/\/dutyfree.com.tn\/port-des-croisieristes\/wp-content\/uploads\/chkoudra.jpg 165w, https:\/\/dutyfree.com.tn\/port-des-croisieristes\/wp-content\/uploads\/chkoudra-113x60.jpg 113w\" sizes=\"(max-width: 165px) 100vw, 165px\" \/><\/p>\n","protected":false},"featured_media":1414,"template":"","meta":{"_themeisle_gutenberg_block_has_review":false},"product_cat":[171,154,162],"product_tag":[],"_links":{"self":[{"href":"https:\/\/dutyfree.com.tn\/port-des-croisieristes\/wp-json\/wp\/v2\/product\/1557"}],"collection":[{"href":"https:\/\/dutyfree.com.tn\/port-des-croisieristes\/wp-json\/wp\/v2\/product"}],"about":[{"href":"https:\/\/dutyfree.com.tn\/port-des-croisieristes\/wp-json\/wp\/v2\/types\/product"}],"wp:featuredmedia":[{"embeddable":true,"href":"https:\/\/dutyfree.com.tn\/port-des-croisieristes\/wp-json\/wp\/v2\/media\/1414"}],"wp:attachment":[{"href":"https:\/\/dutyfree.com.tn\/port-des-croisieristes\/wp-json\/wp\/v2\/media?parent=1557"}],"wp:term":[{"taxonomy":"product_cat","embeddable":true,"href":"https:\/\/dutyfree.com.tn\/port-des-croisieristes\/wp-json\/wp\/v2\/product_cat?post=1557"},{"taxonomy":"product_tag","embeddable":true,"href":"https:\/\/dutyfree.com.tn\/port-des-croisieristes\/wp-json\/wp\/v2\/product_tag?post=1557"}],"curies":[{"name":"wp","href":"https:\/\/api.w.org\/{rel}","templated":true}]}}