{"id":1561,"date":"2024-09-15T22:13:18","date_gmt":"2024-09-15T20:13:18","guid":{"rendered":"https:\/\/dutyfree.com.tn\/port-des-croisieristes\/?post_type=product&#038;p=1561"},"modified":"2025-11-07T15:04:46","modified_gmt":"2025-11-07T14:04:46","slug":"cerruti-1881-femme","status":"publish","type":"product","link":"https:\/\/dutyfree.com.tn\/port-des-croisieristes\/produit\/cerruti-1881-femme\/","title":{"rendered":"CERRUTI 1881 FEMME,Eau de Toilette 50 ml"},"content":{"rendered":"<p>Cerruti 1881 Pour Femme est un parfum \u00e9l\u00e9gant et intime qui capture l\u2019essence de la fleur de lin pour l\u2019associer \u00e0 de douces notes bois\u00e9es. Un bois\u00e9 floral sensuel pour une femme libre d\u2019esprit.<\/p>\n","protected":false},"excerpt":{"rendered":"<p>Cerruti 1881 Pour Femme est un parfum \u00e9l\u00e9gant et intime qui capture l\u2019essence de la fleur de lin pour l\u2019associer \u00e0 de douces notes bois\u00e9es. Un bois\u00e9 floral sensuel pour une femme libre d\u2019esprit.<\/p>\n<p><img loading=\"lazy\" decoding=\"async\" class=\"alignnone size-full wp-image-1697\" src=\"https:\/\/dutyfree.com.tn\/maritime\/maritime\/wp-content\/uploads\/cerruti-1.jpg\" alt=\"\" width=\"149\" height=\"49\" \/><\/p>\n","protected":false},"featured_media":1366,"template":"","meta":{"_themeisle_gutenberg_block_has_review":false},"product_cat":[171,154,162],"product_tag":[],"_links":{"self":[{"href":"https:\/\/dutyfree.com.tn\/port-des-croisieristes\/wp-json\/wp\/v2\/product\/1561"}],"collection":[{"href":"https:\/\/dutyfree.com.tn\/port-des-croisieristes\/wp-json\/wp\/v2\/product"}],"about":[{"href":"https:\/\/dutyfree.com.tn\/port-des-croisieristes\/wp-json\/wp\/v2\/types\/product"}],"wp:featuredmedia":[{"embeddable":true,"href":"https:\/\/dutyfree.com.tn\/port-des-croisieristes\/wp-json\/wp\/v2\/media\/1366"}],"wp:attachment":[{"href":"https:\/\/dutyfree.com.tn\/port-des-croisieristes\/wp-json\/wp\/v2\/media?parent=1561"}],"wp:term":[{"taxonomy":"product_cat","embeddable":true,"href":"https:\/\/dutyfree.com.tn\/port-des-croisieristes\/wp-json\/wp\/v2\/product_cat?post=1561"},{"taxonomy":"product_tag","embeddable":true,"href":"https:\/\/dutyfree.com.tn\/port-des-croisieristes\/wp-json\/wp\/v2\/product_tag?post=1561"}],"curies":[{"name":"wp","href":"https:\/\/api.w.org\/{rel}","templated":true}]}}