{"id":1572,"date":"2024-09-15T23:06:39","date_gmt":"2024-09-15T21:06:39","guid":{"rendered":"https:\/\/dutyfree.com.tn\/port-des-croisieristes\/?post_type=product&#038;p=1572"},"modified":"2025-11-07T15:07:34","modified_gmt":"2025-11-07T14:07:34","slug":"sweet-eau-de-parfum-30-ml","status":"publish","type":"product","link":"https:\/\/dutyfree.com.tn\/port-des-croisieristes\/produit\/sweet-eau-de-parfum-30-ml\/","title":{"rendered":"SWEET , Eau de Parfum 30 ml"},"content":{"rendered":"<p>L\u2019irr\u00e9sistible gourmandise.<br \/>\nL\u2019accord parfait de la cerise et du cacao sur un fond musqu\u00e9 retentit comme un hymne \u00e9vident \u00e0 la f\u00e9minit\u00e9.<\/p>\n","protected":false},"excerpt":{"rendered":"<p>L\u2019irr\u00e9sistible gourmandise.<br \/>\nL\u2019accord parfait de la cerise et du cacao sur un fond musqu\u00e9 retentit comme un hymne \u00e9vident \u00e0 la f\u00e9minit\u00e9.<\/p>\n<p><img loading=\"lazy\" decoding=\"async\" class=\"alignnone size-full wp-image-1683\" src=\"https:\/\/dutyfree.com.tn\/maritime\/maritime\/wp-content\/uploads\/lolita.jpg\" alt=\"\" width=\"154\" height=\"72\" srcset=\"https:\/\/dutyfree.com.tn\/port-des-croisieristes\/wp-content\/uploads\/lolita.jpg 154w, https:\/\/dutyfree.com.tn\/port-des-croisieristes\/wp-content\/uploads\/lolita-128x60.jpg 128w\" sizes=\"(max-width: 154px) 100vw, 154px\" \/><\/p>\n","protected":false},"featured_media":1421,"template":"","meta":{"_themeisle_gutenberg_block_has_review":false},"product_cat":[171,154,162],"product_tag":[],"_links":{"self":[{"href":"https:\/\/dutyfree.com.tn\/port-des-croisieristes\/wp-json\/wp\/v2\/product\/1572"}],"collection":[{"href":"https:\/\/dutyfree.com.tn\/port-des-croisieristes\/wp-json\/wp\/v2\/product"}],"about":[{"href":"https:\/\/dutyfree.com.tn\/port-des-croisieristes\/wp-json\/wp\/v2\/types\/product"}],"wp:featuredmedia":[{"embeddable":true,"href":"https:\/\/dutyfree.com.tn\/port-des-croisieristes\/wp-json\/wp\/v2\/media\/1421"}],"wp:attachment":[{"href":"https:\/\/dutyfree.com.tn\/port-des-croisieristes\/wp-json\/wp\/v2\/media?parent=1572"}],"wp:term":[{"taxonomy":"product_cat","embeddable":true,"href":"https:\/\/dutyfree.com.tn\/port-des-croisieristes\/wp-json\/wp\/v2\/product_cat?post=1572"},{"taxonomy":"product_tag","embeddable":true,"href":"https:\/\/dutyfree.com.tn\/port-des-croisieristes\/wp-json\/wp\/v2\/product_tag?post=1572"}],"curies":[{"name":"wp","href":"https:\/\/api.w.org\/{rel}","templated":true}]}}