{"id":1606,"date":"2024-09-20T14:01:58","date_gmt":"2024-09-20T12:01:58","guid":{"rendered":"https:\/\/dutyfree.com.tn\/port-des-croisieristes\/?post_type=product&#038;p=1606"},"modified":"2025-11-07T15:12:12","modified_gmt":"2025-11-07T14:12:12","slug":"the-man-trust-eau-de-toilette-100-ml","status":"publish","type":"product","link":"https:\/\/dutyfree.com.tn\/port-des-croisieristes\/produit\/the-man-trust-eau-de-toilette-100-ml\/","title":{"rendered":"THE MAN TRUST , Eau de Toilette 100 ml"},"content":{"rendered":"<p>\u00ab Marco Serussi The Man Trust \u00bb d\u00e9voile une fra\u00eecheur \u00e9nerg\u00e9tique en associant des notes marines et de patchouli, soulign\u00e9e par le bois de c\u00e8dre et le tabac.<\/p>\n","protected":false},"excerpt":{"rendered":"<p>\u00ab Marco Serussi The Man Trust \u00bb d\u00e9voile une fra\u00eecheur \u00e9nerg\u00e9tique en associant des notes marines et de patchouli, soulign\u00e9e par le bois de c\u00e8dre et le tabac.<\/p>\n<p><img loading=\"lazy\" decoding=\"async\" class=\"alignnone size-full wp-image-1678\" src=\"https:\/\/dutyfree.com.tn\/maritime\/maritime\/wp-content\/uploads\/marco.jpg\" alt=\"\" width=\"226\" height=\"53\" \/><\/p>\n","protected":false},"featured_media":1422,"template":"","meta":{"_themeisle_gutenberg_block_has_review":false},"product_cat":[171,154,161],"product_tag":[],"_links":{"self":[{"href":"https:\/\/dutyfree.com.tn\/port-des-croisieristes\/wp-json\/wp\/v2\/product\/1606"}],"collection":[{"href":"https:\/\/dutyfree.com.tn\/port-des-croisieristes\/wp-json\/wp\/v2\/product"}],"about":[{"href":"https:\/\/dutyfree.com.tn\/port-des-croisieristes\/wp-json\/wp\/v2\/types\/product"}],"wp:featuredmedia":[{"embeddable":true,"href":"https:\/\/dutyfree.com.tn\/port-des-croisieristes\/wp-json\/wp\/v2\/media\/1422"}],"wp:attachment":[{"href":"https:\/\/dutyfree.com.tn\/port-des-croisieristes\/wp-json\/wp\/v2\/media?parent=1606"}],"wp:term":[{"taxonomy":"product_cat","embeddable":true,"href":"https:\/\/dutyfree.com.tn\/port-des-croisieristes\/wp-json\/wp\/v2\/product_cat?post=1606"},{"taxonomy":"product_tag","embeddable":true,"href":"https:\/\/dutyfree.com.tn\/port-des-croisieristes\/wp-json\/wp\/v2\/product_tag?post=1606"}],"curies":[{"name":"wp","href":"https:\/\/api.w.org\/{rel}","templated":true}]}}