{"id":1609,"date":"2024-09-20T16:14:23","date_gmt":"2024-09-20T14:14:23","guid":{"rendered":"https:\/\/dutyfree.com.tn\/port-des-croisieristes\/?post_type=product&#038;p=1609"},"modified":"2025-11-07T14:49:25","modified_gmt":"2025-11-07T13:49:25","slug":"the-icon-femme-eau-de-parfum-100-ml","status":"publish","type":"product","link":"https:\/\/dutyfree.com.tn\/port-des-croisieristes\/produit\/the-icon-femme-eau-de-parfum-100-ml\/","title":{"rendered":"THE ICON FEMME , Eau de Parfum 100 ML"},"content":{"rendered":"<p>Qu\u2019est-ce que le succ\u00e8s ? Est-ce la c\u00e9l\u00e9brit\u00e9 ? Le pouvoir ? La richesse ? Le temps est venu de red\u00e9finir le succ\u00e8s.<br \/>\nCar LE SUCC\u00c8S EST UNE ATTITUDE.<\/p>\n","protected":false},"excerpt":{"rendered":"<p>Qu\u2019est-ce que le succ\u00e8s ? Est-ce la c\u00e9l\u00e9brit\u00e9 ? Le pouvoir ? La richesse ? Le temps est venu de red\u00e9finir le succ\u00e8s.<br \/>\nCar LE SUCC\u00c8S EST UNE ATTITUDE.<\/p>\n<p><img loading=\"lazy\" decoding=\"async\" class=\"alignnone size-full wp-image-1654\" src=\"https:\/\/dutyfree.com.tn\/maritime\/maritime\/wp-content\/uploads\/BADERA.jpg\" alt=\"\" width=\"185\" height=\"40\" \/><\/p>\n","protected":false},"featured_media":1653,"template":"","meta":{"_themeisle_gutenberg_block_has_review":false},"product_cat":[171,154,162],"product_tag":[],"_links":{"self":[{"href":"https:\/\/dutyfree.com.tn\/port-des-croisieristes\/wp-json\/wp\/v2\/product\/1609"}],"collection":[{"href":"https:\/\/dutyfree.com.tn\/port-des-croisieristes\/wp-json\/wp\/v2\/product"}],"about":[{"href":"https:\/\/dutyfree.com.tn\/port-des-croisieristes\/wp-json\/wp\/v2\/types\/product"}],"wp:featuredmedia":[{"embeddable":true,"href":"https:\/\/dutyfree.com.tn\/port-des-croisieristes\/wp-json\/wp\/v2\/media\/1653"}],"wp:attachment":[{"href":"https:\/\/dutyfree.com.tn\/port-des-croisieristes\/wp-json\/wp\/v2\/media?parent=1609"}],"wp:term":[{"taxonomy":"product_cat","embeddable":true,"href":"https:\/\/dutyfree.com.tn\/port-des-croisieristes\/wp-json\/wp\/v2\/product_cat?post=1609"},{"taxonomy":"product_tag","embeddable":true,"href":"https:\/\/dutyfree.com.tn\/port-des-croisieristes\/wp-json\/wp\/v2\/product_tag?post=1609"}],"curies":[{"name":"wp","href":"https:\/\/api.w.org\/{rel}","templated":true}]}}