{"id":1611,"date":"2024-09-20T16:42:24","date_gmt":"2024-09-20T14:42:24","guid":{"rendered":"https:\/\/dutyfree.com.tn\/port-des-croisieristes\/?post_type=product&#038;p=1611"},"modified":"2025-11-07T15:13:28","modified_gmt":"2025-11-07T14:13:28","slug":"the-icon-eau-de-toilette-100-ml","status":"publish","type":"product","link":"https:\/\/dutyfree.com.tn\/port-des-croisieristes\/produit\/the-icon-eau-de-toilette-100-ml\/","title":{"rendered":"THE ICON , Eau de Toilette 100 ml"},"content":{"rendered":"<p>Un parfum oriental bois\u00e9 et frais pour exprimer la masculinit\u00e9 et la singularit\u00e9 de tout homme qui a r\u00e9ussi.<\/p>\n","protected":false},"excerpt":{"rendered":"<p>Un parfum oriental bois\u00e9 et frais pour exprimer la masculinit\u00e9 et la singularit\u00e9 de tout homme qui a r\u00e9ussi.<\/p>\n<p><img loading=\"lazy\" decoding=\"async\" class=\"alignnone size-full wp-image-1654\" src=\"https:\/\/dutyfree.com.tn\/maritime\/maritime\/wp-content\/uploads\/BADERA.jpg\" alt=\"\" width=\"185\" height=\"40\" \/><\/p>\n","protected":false},"featured_media":1381,"template":"","meta":{"_themeisle_gutenberg_block_has_review":false},"product_cat":[171,154,161],"product_tag":[],"_links":{"self":[{"href":"https:\/\/dutyfree.com.tn\/port-des-croisieristes\/wp-json\/wp\/v2\/product\/1611"}],"collection":[{"href":"https:\/\/dutyfree.com.tn\/port-des-croisieristes\/wp-json\/wp\/v2\/product"}],"about":[{"href":"https:\/\/dutyfree.com.tn\/port-des-croisieristes\/wp-json\/wp\/v2\/types\/product"}],"wp:featuredmedia":[{"embeddable":true,"href":"https:\/\/dutyfree.com.tn\/port-des-croisieristes\/wp-json\/wp\/v2\/media\/1381"}],"wp:attachment":[{"href":"https:\/\/dutyfree.com.tn\/port-des-croisieristes\/wp-json\/wp\/v2\/media?parent=1611"}],"wp:term":[{"taxonomy":"product_cat","embeddable":true,"href":"https:\/\/dutyfree.com.tn\/port-des-croisieristes\/wp-json\/wp\/v2\/product_cat?post=1611"},{"taxonomy":"product_tag","embeddable":true,"href":"https:\/\/dutyfree.com.tn\/port-des-croisieristes\/wp-json\/wp\/v2\/product_tag?post=1611"}],"curies":[{"name":"wp","href":"https:\/\/api.w.org\/{rel}","templated":true}]}}