{"id":1615,"date":"2024-09-21T10:22:07","date_gmt":"2024-09-21T08:22:07","guid":{"rendered":"https:\/\/dutyfree.com.tn\/port-des-croisieristes\/?post_type=product&#038;p=1615"},"modified":"2024-12-26T12:55:15","modified_gmt":"2024-12-26T11:55:15","slug":"douce-nuit-eau-de-parfum-100-ml","status":"publish","type":"product","link":"https:\/\/dutyfree.com.tn\/port-des-croisieristes\/produit\/douce-nuit-eau-de-parfum-100-ml\/","title":{"rendered":"DOUCE NUIT , Eau de Parfum 100 ml"},"content":{"rendered":"","protected":false},"excerpt":{"rendered":"<p>\u00abDouce Nuit\u00bb est un parfum affirm\u00e9, irr\u00e9sistible et audacieux,<br \/>\ncombinant \u00e0 la fois le r\u00eave, la fantaisie et la r\u00e9alit\u00e9.<\/p>\n<p><img loading=\"lazy\" decoding=\"async\" class=\"alignnone size-full wp-image-1685\" src=\"https:\/\/dutyfree.com.tn\/port-des-croisieristes\/port-des-croisieristes\/wp-content\/uploads\/elysee.jpg\" alt=\"\" width=\"270\" height=\"41\" \/><\/p>\n","protected":false},"featured_media":1369,"template":"","meta":{"_themeisle_gutenberg_block_has_review":false},"product_cat":[171,154,162],"product_tag":[],"_links":{"self":[{"href":"https:\/\/dutyfree.com.tn\/port-des-croisieristes\/wp-json\/wp\/v2\/product\/1615"}],"collection":[{"href":"https:\/\/dutyfree.com.tn\/port-des-croisieristes\/wp-json\/wp\/v2\/product"}],"about":[{"href":"https:\/\/dutyfree.com.tn\/port-des-croisieristes\/wp-json\/wp\/v2\/types\/product"}],"wp:featuredmedia":[{"embeddable":true,"href":"https:\/\/dutyfree.com.tn\/port-des-croisieristes\/wp-json\/wp\/v2\/media\/1369"}],"wp:attachment":[{"href":"https:\/\/dutyfree.com.tn\/port-des-croisieristes\/wp-json\/wp\/v2\/media?parent=1615"}],"wp:term":[{"taxonomy":"product_cat","embeddable":true,"href":"https:\/\/dutyfree.com.tn\/port-des-croisieristes\/wp-json\/wp\/v2\/product_cat?post=1615"},{"taxonomy":"product_tag","embeddable":true,"href":"https:\/\/dutyfree.com.tn\/port-des-croisieristes\/wp-json\/wp\/v2\/product_tag?post=1615"}],"curies":[{"name":"wp","href":"https:\/\/api.w.org\/{rel}","templated":true}]}}