{"id":1736,"date":"2025-01-16T12:12:00","date_gmt":"2025-01-16T11:12:00","guid":{"rendered":"https:\/\/dutyfree.com.tn\/port-des-croisieristes\/?post_type=product&#038;p=1736"},"modified":"2025-01-16T12:14:08","modified_gmt":"2025-01-16T11:14:08","slug":"bracelet-kroumir-dore","status":"publish","type":"product","link":"https:\/\/dutyfree.com.tn\/port-des-croisieristes\/produit\/bracelet-kroumir-dore\/","title":{"rendered":"BRACELET KROUMIR DOR\u00c9"},"content":{"rendered":"","protected":false},"excerpt":{"rendered":"<p>1 Bracelet traditionnel tunisien en m\u00e9tal dor\u00e9.<\/p>\n","protected":false},"featured_media":1737,"template":"","meta":{"_themeisle_gutenberg_block_has_review":false},"product_cat":[171,207],"product_tag":[],"_links":{"self":[{"href":"https:\/\/dutyfree.com.tn\/port-des-croisieristes\/wp-json\/wp\/v2\/product\/1736"}],"collection":[{"href":"https:\/\/dutyfree.com.tn\/port-des-croisieristes\/wp-json\/wp\/v2\/product"}],"about":[{"href":"https:\/\/dutyfree.com.tn\/port-des-croisieristes\/wp-json\/wp\/v2\/types\/product"}],"wp:featuredmedia":[{"embeddable":true,"href":"https:\/\/dutyfree.com.tn\/port-des-croisieristes\/wp-json\/wp\/v2\/media\/1737"}],"wp:attachment":[{"href":"https:\/\/dutyfree.com.tn\/port-des-croisieristes\/wp-json\/wp\/v2\/media?parent=1736"}],"wp:term":[{"taxonomy":"product_cat","embeddable":true,"href":"https:\/\/dutyfree.com.tn\/port-des-croisieristes\/wp-json\/wp\/v2\/product_cat?post=1736"},{"taxonomy":"product_tag","embeddable":true,"href":"https:\/\/dutyfree.com.tn\/port-des-croisieristes\/wp-json\/wp\/v2\/product_tag?post=1736"}],"curies":[{"name":"wp","href":"https:\/\/api.w.org\/{rel}","templated":true}]}}